{"id":106237,"date":"2017-03-23T01:27:07","date_gmt":"2017-03-23T01:27:07","guid":{"rendered":"http:\/\/keramika.holest.com\/slovenija\/product\/ploscice-imitacija-lesa-halcon-ferme-musgo\/"},"modified":"2026-01-04T00:02:43","modified_gmt":"2026-01-04T00:02:43","slug":"ploscice-imitacija-lesa-halcon-ferme-musgo","status":"publish","type":"product","link":"https:\/\/www.keramika.com\/slovenija\/ploscice-imitacija-lesa-halcon-ferme-musgo\/","title":{"rendered":"Plo\u0161\u010dice imitacija lesa Halcon Ferme Musgo"},"content":{"rendered":"<p>Pri izbiri plo\u0161\u010dice v rjavi barvi ne morete zgre\u0161iti. Redna cena te plo\u0161\u010dice v maloprodaji zna\u0161a 24,45 EUR, v na\u0161i spletni trgovini pa jo lahko dobite \u017ee za 19,56 EUR. Plo\u0161\u010dica na sliki je velika 45&#215;45 cm. 9 mm je debelina, ki zadovolji tudi zahtevnej\u0161e kupce. Halcon Ferme Musgo prihaja iz \u0160panije, ki je znana po zelo kvalitetni keramiki v svetovnem merilu.<\/p>\n<p>Kliknite na ime kolekcije za ogled vseh plo\u0161\u010dic iz te serije: <a class=\"pdfcatal\" href=\"\/\/www.ceramictiles.com\/pdf\/halcon\/catalogue_halcon_ferme_porc.pdf\" onclick=\"recordOutboundLink(this, 'E-mail', 'Description PDF');return false;\">Halcon Ceramicas Ferme Porc<\/a><\/p>\n<p>\u010ce \u017eelite naro\u010diti model iz pdf kataloga te kolekcije, nam pi\u0161ite na: <a href=\"mailto:keramoteka.salon@gmail.com\" onclick=\"recordOutboundLink(this, 'E-mail', 'Description mail');return false;\">keramoteka.salon@gmail.com<\/a> ali pa nas pokli\u010dite na: +386 31 255 900.<\/p>\n<p>Porcelan keramika v imitaciji lesa Ferme elegantno popestri zunanje povr\u0161ine.<\/p>\n","protected":false},"excerpt":{"rendered":"<p>Pri izbiri plo\u0161\u010dice v rjavi barvi ne morete zgre\u0161iti. Redna cena te plo\u0161\u010dice v maloprodaji zna\u0161a 24,45 EUR, v na\u0161i spletni trgovini pa jo lahko dobite \u017ee za 19,56 EUR. Plo\u0161\u010dica na sliki je velika 45&#215;45 cm. 9 mm je debelina, ki zadovolji tudi zahtevnej\u0161e kupce. Halcon Ferme Musgo prihaja iz \u0160panije, ki je znana [&hellip;]<\/p>\n","protected":false},"featured_media":106238,"template":"","meta":[],"product_cat":[99946,200,999],"product_tag":[],"_links":{"self":[{"href":"https:\/\/www.keramika.com\/slovenija\/wp-json\/wp\/v2\/product\/106237"}],"collection":[{"href":"https:\/\/www.keramika.com\/slovenija\/wp-json\/wp\/v2\/product"}],"about":[{"href":"https:\/\/www.keramika.com\/slovenija\/wp-json\/wp\/v2\/types\/product"}],"wp:featuredmedia":[{"embeddable":true,"href":"https:\/\/www.keramika.com\/slovenija\/wp-json\/wp\/v2\/media\/106238"}],"wp:attachment":[{"href":"https:\/\/www.keramika.com\/slovenija\/wp-json\/wp\/v2\/media?parent=106237"}],"wp:term":[{"taxonomy":"product_cat","embeddable":true,"href":"https:\/\/www.keramika.com\/slovenija\/wp-json\/wp\/v2\/product_cat?post=106237"},{"taxonomy":"product_tag","embeddable":true,"href":"https:\/\/www.keramika.com\/slovenija\/wp-json\/wp\/v2\/product_tag?post=106237"}],"curies":[{"name":"wp","href":"https:\/\/api.w.org\/{rel}","templated":true}]}}