{"id":106225,"date":"2017-03-23T01:26:25","date_gmt":"2017-03-23T01:26:25","guid":{"rendered":"http:\/\/keramika.holest.com\/slovenija\/product\/stenske-dekorativne-ploscice-halcon-clay-relieve-mix\/"},"modified":"2026-01-04T00:02:42","modified_gmt":"2026-01-04T00:02:42","slug":"stenske-dekorativne-ploscice-halcon-clay-relieve-mix","status":"publish","type":"product","link":"https:\/\/www.keramika.com\/slovenija\/stenske-dekorativne-ploscice-halcon-clay-relieve-mix\/","title":{"rendered":"Stenske dekorativne plo\u0161\u010dice Halcon Clay Relieve Mix"},"content":{"rendered":"<p>Z 20&#215;50 cm je ta plo\u0161\u010dica primerna za razli\u010dne podlage. Halcon Clay Relieve Mix je na voljo po zelo ugodni ceni 15,38 EUR. 9 mm je debelina, ki zadovolji tudi zahtevnej\u0161e kupce. Halcon Clay Relieve Mix je plo\u0161\u010dica proizvajalca Halcon Ceramicas in prihaja iz \u0160panije. Ta plo\u0161\u010dica je na voljo v \u010dudoviti beli barvi, \u010de \u017eelite kak\u0161no drugo barvo pa nas kontaktirajte in preverili bomo pri proizvajalcu.<\/p>\n<p>Kliknite na ime kolekcije za ogled vseh plo\u0161\u010dic iz te serije: <a class=\"pdfcatal\" href=\"\/\/www.ceramictiles.com\/pdf\/halcon\/catalogue_halcon_clay_relieve.pdf\" onclick=\"recordOutboundLink(this, 'E-mail', 'Description PDF');return false;\">Halcon Ceramicas Clay Relieve<\/a><\/p>\n<p>\u010ce \u017eelite naro\u010diti model iz pdf kataloga te kolekcije, nam pi\u0161ite na: <a href=\"mailto:keramoteka.salon@gmail.com\" onclick=\"recordOutboundLink(this, 'E-mail', 'Description mail');return false;\">keramoteka.salon@gmail.com<\/a> ali pa nas pokli\u010dite na: +386 31 255 900.<\/p>\n<p>Reliefna stenska keramika serije Clay na unikaten na\u010din daje prostoru zna\u010daj.<\/p>\n","protected":false},"excerpt":{"rendered":"<p>Z 20&#215;50 cm je ta plo\u0161\u010dica primerna za razli\u010dne podlage. Halcon Clay Relieve Mix je na voljo po zelo ugodni ceni 15,38 EUR. 9 mm je debelina, ki zadovolji tudi zahtevnej\u0161e kupce. Halcon Clay Relieve Mix je plo\u0161\u010dica proizvajalca Halcon Ceramicas in prihaja iz \u0160panije. Ta plo\u0161\u010dica je na voljo v \u010dudoviti beli barvi, \u010de [&hellip;]<\/p>\n","protected":false},"featured_media":106226,"template":"","meta":[],"product_cat":[99946,200,999],"product_tag":[],"_links":{"self":[{"href":"https:\/\/www.keramika.com\/slovenija\/wp-json\/wp\/v2\/product\/106225"}],"collection":[{"href":"https:\/\/www.keramika.com\/slovenija\/wp-json\/wp\/v2\/product"}],"about":[{"href":"https:\/\/www.keramika.com\/slovenija\/wp-json\/wp\/v2\/types\/product"}],"wp:featuredmedia":[{"embeddable":true,"href":"https:\/\/www.keramika.com\/slovenija\/wp-json\/wp\/v2\/media\/106226"}],"wp:attachment":[{"href":"https:\/\/www.keramika.com\/slovenija\/wp-json\/wp\/v2\/media?parent=106225"}],"wp:term":[{"taxonomy":"product_cat","embeddable":true,"href":"https:\/\/www.keramika.com\/slovenija\/wp-json\/wp\/v2\/product_cat?post=106225"},{"taxonomy":"product_tag","embeddable":true,"href":"https:\/\/www.keramika.com\/slovenija\/wp-json\/wp\/v2\/product_tag?post=106225"}],"curies":[{"name":"wp","href":"https:\/\/api.w.org\/{rel}","templated":true}]}}