{"id":106215,"date":"2017-03-23T01:25:48","date_gmt":"2017-03-23T01:25:48","guid":{"rendered":"http:\/\/keramika.holest.com\/slovenija\/product\/stenske-ploscice-halcon-blanco-brillo\/"},"modified":"2026-01-04T00:02:40","modified_gmt":"2026-01-04T00:02:40","slug":"stenske-ploscice-halcon-blanco-brillo","status":"publish","type":"product","link":"https:\/\/www.keramika.com\/slovenija\/stenske-ploscice-halcon-blanco-brillo\/","title":{"rendered":"Stenske plo\u0161\u010dice Halcon Blanco Brillo"},"content":{"rendered":"<p>Halcon Blanco Brillo je pripeljana iz \u0160panije in je zelo kvalitetna. Namesto 20,35 EUR kot bi za to plo\u0161\u010dico od\u0161teli v klasi\u010dni trgovini, boste v na\u0161i spletni prodajalni od\u0161teli le 16,28 EUR. Z 31,6&#215;60 cm je ta plo\u0161\u010dica primerna za razli\u010dne podlage. Ta plo\u0161\u010dica je debela 9 mm in je zelo trpe\u017ena. Keramika v beli barvi popestri vsak prostor.<\/p>\n<p>Kliknite na ime kolekcije za ogled vseh plo\u0161\u010dic iz te serije: <a class=\"pdfcatal\" href=\"\/\/www.ceramictiles.com\/pdf\/halcon\/catalogue_halcon_blanco.pdf\" onclick=\"recordOutboundLink(this, 'E-mail', 'Description PDF');return false;\">Halcon Ceramicas Blanco<\/a><\/p>\n<p>\u010ce \u017eelite naro\u010diti model iz pdf kataloga te kolekcije, nam pi\u0161ite na: <a href=\"mailto:keramoteka.salon@gmail.com\" onclick=\"recordOutboundLink(this, 'E-mail', 'Description mail');return false;\">keramoteka.salon@gmail.com<\/a> ali pa nas pokli\u010dite na: +386 31 255 900.<\/p>\n<p>Bela keramika, ki je primerna za stenske povr\u0161ine v prostor prina\u0161a ne\u017enost, ki jo lahko popestrite s pripadajo\u010dim mozaikom.<\/p>\n","protected":false},"excerpt":{"rendered":"<p>Halcon Blanco Brillo je pripeljana iz \u0160panije in je zelo kvalitetna. Namesto 20,35 EUR kot bi za to plo\u0161\u010dico od\u0161teli v klasi\u010dni trgovini, boste v na\u0161i spletni prodajalni od\u0161teli le 16,28 EUR. Z 31,6&#215;60 cm je ta plo\u0161\u010dica primerna za razli\u010dne podlage. Ta plo\u0161\u010dica je debela 9 mm in je zelo trpe\u017ena. Keramika v beli [&hellip;]<\/p>\n","protected":false},"featured_media":106216,"template":"","meta":[],"product_cat":[99946,200,999],"product_tag":[],"_links":{"self":[{"href":"https:\/\/www.keramika.com\/slovenija\/wp-json\/wp\/v2\/product\/106215"}],"collection":[{"href":"https:\/\/www.keramika.com\/slovenija\/wp-json\/wp\/v2\/product"}],"about":[{"href":"https:\/\/www.keramika.com\/slovenija\/wp-json\/wp\/v2\/types\/product"}],"wp:featuredmedia":[{"embeddable":true,"href":"https:\/\/www.keramika.com\/slovenija\/wp-json\/wp\/v2\/media\/106216"}],"wp:attachment":[{"href":"https:\/\/www.keramika.com\/slovenija\/wp-json\/wp\/v2\/media?parent=106215"}],"wp:term":[{"taxonomy":"product_cat","embeddable":true,"href":"https:\/\/www.keramika.com\/slovenija\/wp-json\/wp\/v2\/product_cat?post=106215"},{"taxonomy":"product_tag","embeddable":true,"href":"https:\/\/www.keramika.com\/slovenija\/wp-json\/wp\/v2\/product_tag?post=106215"}],"curies":[{"name":"wp","href":"https:\/\/api.w.org\/{rel}","templated":true}]}}