{"id":106213,"date":"2017-03-23T01:25:41","date_gmt":"2017-03-23T01:25:41","guid":{"rendered":"http:\/\/keramika.holest.com\/slovenija\/product\/keramika-imitacija-lesa-halcon-biarritz-beige\/"},"modified":"2026-01-04T00:02:40","modified_gmt":"2026-01-04T00:02:40","slug":"keramika-imitacija-lesa-halcon-biarritz-beige","status":"publish","type":"product","link":"https:\/\/www.keramika.com\/slovenija\/keramika-imitacija-lesa-halcon-biarritz-beige\/","title":{"rendered":"Keramika imitacija lesa Halcon Biarritz Beige"},"content":{"rendered":"<p>Keramika v rjavi barvi popestri vsak prostor. Dimenzije te plo\u0161\u010dice so 20&#215;120 cm. 31,08 EUR v klasi\u010dni trgovini, pri nas pa le 24,86 EUR. Plo\u0161\u010dica je debela kar 9 mm, kar jo uvr\u0161\u010da med bolj trde plo\u0161\u010dice. Halcon Biarritz Beige prihaja iz \u0160panije, ki je znana po zelo kvalitetni keramiki v svetovnem merilu.<\/p>\n<p>Kliknite na ime kolekcije za ogled vseh plo\u0161\u010dic iz te serije: <a class=\"pdfcatal\" href=\"\/\/www.ceramictiles.com\/pdf\/halcon\/catalogue_halcon_biarritz.pdf\" onclick=\"recordOutboundLink(this, 'E-mail', 'Description PDF');return false;\">Halcon Ceramicas Biarritz<\/a><\/p>\n<p>\u010ce \u017eelite naro\u010diti model iz pdf kataloga te kolekcije, nam pi\u0161ite na: <a href=\"mailto:keramoteka.salon@gmail.com\" onclick=\"recordOutboundLink(this, 'E-mail', 'Description mail');return false;\">keramoteka.salon@gmail.com<\/a> ali pa nas pokli\u010dite na: +386 31 255 900.<\/p>\n<p>Biarritz serija zajema porcelan keramiko v imitaciji lesa, ki je primerna za zunanje in notranje povr\u0161ine.<\/p>\n<p>Technical description: 23,3&#215;120<\/p>\n","protected":false},"excerpt":{"rendered":"<p>Keramika v rjavi barvi popestri vsak prostor. Dimenzije te plo\u0161\u010dice so 20&#215;120 cm. 31,08 EUR v klasi\u010dni trgovini, pri nas pa le 24,86 EUR. Plo\u0161\u010dica je debela kar 9 mm, kar jo uvr\u0161\u010da med bolj trde plo\u0161\u010dice. Halcon Biarritz Beige prihaja iz \u0160panije, ki je znana po zelo kvalitetni keramiki v svetovnem merilu. Kliknite na [&hellip;]<\/p>\n","protected":false},"featured_media":106214,"template":"","meta":[],"product_cat":[99946,200,999],"product_tag":[],"_links":{"self":[{"href":"https:\/\/www.keramika.com\/slovenija\/wp-json\/wp\/v2\/product\/106213"}],"collection":[{"href":"https:\/\/www.keramika.com\/slovenija\/wp-json\/wp\/v2\/product"}],"about":[{"href":"https:\/\/www.keramika.com\/slovenija\/wp-json\/wp\/v2\/types\/product"}],"wp:featuredmedia":[{"embeddable":true,"href":"https:\/\/www.keramika.com\/slovenija\/wp-json\/wp\/v2\/media\/106214"}],"wp:attachment":[{"href":"https:\/\/www.keramika.com\/slovenija\/wp-json\/wp\/v2\/media?parent=106213"}],"wp:term":[{"taxonomy":"product_cat","embeddable":true,"href":"https:\/\/www.keramika.com\/slovenija\/wp-json\/wp\/v2\/product_cat?post=106213"},{"taxonomy":"product_tag","embeddable":true,"href":"https:\/\/www.keramika.com\/slovenija\/wp-json\/wp\/v2\/product_tag?post=106213"}],"curies":[{"name":"wp","href":"https:\/\/api.w.org\/{rel}","templated":true}]}}