{"id":106211,"date":"2017-03-23T01:25:34","date_gmt":"2017-03-23T01:25:34","guid":{"rendered":"http:\/\/keramika.holest.com\/slovenija\/product\/ploscice-imitacija-lesa-halcon-atelier-anti-slip-taupe\/"},"modified":"2026-01-04T00:02:40","modified_gmt":"2026-01-04T00:02:40","slug":"ploscice-imitacija-lesa-halcon-atelier-anti-slip-taupe","status":"publish","type":"product","link":"https:\/\/www.keramika.com\/slovenija\/ploscice-imitacija-lesa-halcon-atelier-anti-slip-taupe\/","title":{"rendered":"Plo\u0161\u010dice imitacija lesa Halcon Atelier Anti Slip Taupe"},"content":{"rendered":"<p>Velikost te plo\u0161\u010dice je 20&#215;120 cm. 31,98 EUR v klasi\u010dni trgovini, pri nas pa le 25,59 EUR. 9 mm debeline je dovolj tudi za zahtevnej\u0161e kupce. Ta kerami\u010dna plo\u0161\u010dica v \u010dudoviti rjavi barvi bo obogatila vsak prostor. Halcon Atelier Anti Slip Taupe je pripeljana iz \u0160panije in je zelo kvalitetna.<\/p>\n<p>Kliknite na ime kolekcije za ogled vseh plo\u0161\u010dic iz te serije: <a class=\"pdfcatal\" href=\"\/\/www.ceramictiles.com\/pdf\/halcon\/catalogue_halcon_atelier_anti.pdf\" onclick=\"recordOutboundLink(this, 'E-mail', 'Description PDF');return false;\">Halcon Ceramicas Atelier Anti<\/a><\/p>\n<p>\u010ce \u017eelite naro\u010diti model iz pdf kataloga te kolekcije, nam pi\u0161ite na: <a href=\"mailto:keramoteka.salon@gmail.com\" onclick=\"recordOutboundLink(this, 'E-mail', 'Description mail');return false;\">keramoteka.salon@gmail.com<\/a> ali pa nas pokli\u010dite na: +386 31 255 900.<\/p>\n<p>Protizdrsna porcelan keramika v imitaciji lesa je primerna za notranje kakor tudi zunanje povr\u0161ine.<\/p>\n<p>Technical description: 23,3&#215;120<\/p>\n","protected":false},"excerpt":{"rendered":"<p>Velikost te plo\u0161\u010dice je 20&#215;120 cm. 31,98 EUR v klasi\u010dni trgovini, pri nas pa le 25,59 EUR. 9 mm debeline je dovolj tudi za zahtevnej\u0161e kupce. Ta kerami\u010dna plo\u0161\u010dica v \u010dudoviti rjavi barvi bo obogatila vsak prostor. Halcon Atelier Anti Slip Taupe je pripeljana iz \u0160panije in je zelo kvalitetna. Kliknite na ime kolekcije za [&hellip;]<\/p>\n","protected":false},"featured_media":106212,"template":"","meta":[],"product_cat":[99946,200,999],"product_tag":[],"_links":{"self":[{"href":"https:\/\/www.keramika.com\/slovenija\/wp-json\/wp\/v2\/product\/106211"}],"collection":[{"href":"https:\/\/www.keramika.com\/slovenija\/wp-json\/wp\/v2\/product"}],"about":[{"href":"https:\/\/www.keramika.com\/slovenija\/wp-json\/wp\/v2\/types\/product"}],"wp:featuredmedia":[{"embeddable":true,"href":"https:\/\/www.keramika.com\/slovenija\/wp-json\/wp\/v2\/media\/106212"}],"wp:attachment":[{"href":"https:\/\/www.keramika.com\/slovenija\/wp-json\/wp\/v2\/media?parent=106211"}],"wp:term":[{"taxonomy":"product_cat","embeddable":true,"href":"https:\/\/www.keramika.com\/slovenija\/wp-json\/wp\/v2\/product_cat?post=106211"},{"taxonomy":"product_tag","embeddable":true,"href":"https:\/\/www.keramika.com\/slovenija\/wp-json\/wp\/v2\/product_tag?post=106211"}],"curies":[{"name":"wp","href":"https:\/\/api.w.org\/{rel}","templated":true}]}}