{"id":106209,"date":"2017-03-23T01:25:27","date_gmt":"2017-03-23T01:25:27","guid":{"rendered":"http:\/\/keramika.holest.com\/slovenija\/product\/ploscice-imitacija-lesa-halcon-atelier-beige\/"},"modified":"2026-01-04T00:02:40","modified_gmt":"2026-01-04T00:02:40","slug":"ploscice-imitacija-lesa-halcon-atelier-beige","status":"publish","type":"product","link":"https:\/\/www.keramika.com\/slovenija\/ploscice-imitacija-lesa-halcon-atelier-beige\/","title":{"rendered":"Plo\u0161\u010dice imitacija lesa Halcon Atelier Beige"},"content":{"rendered":"<p>9 mm debeline je dovolj tudi za zahtevnej\u0161e kupce. Halcon Atelier Beige prihaja iz \u0160panije, ki je znana po zelo kvalitetni keramiki v svetovnem merilu. Ta model plo\u0161\u010dice se najbolje prodaja v be\u017e barvi. 31,08 EUR v klasi\u010dni trgovini, pri nas pa le 24,86 EUR. Plo\u0161\u010dica na sliki je velika 15&#215;60 cm.<\/p>\n<p>Kliknite na ime kolekcije za ogled vseh plo\u0161\u010dic iz te serije: <a class=\"pdfcatal\" href=\"\/\/www.ceramictiles.com\/pdf\/halcon\/catalogue_halcon_atelier.pdf\" onclick=\"recordOutboundLink(this, 'E-mail', 'Description PDF');return false;\">Halcon Ceramicas Atelier<\/a><\/p>\n<p>\u010ce \u017eelite naro\u010diti model iz pdf kataloga te kolekcije, nam pi\u0161ite na: <a href=\"mailto:keramoteka.salon@gmail.com\" onclick=\"recordOutboundLink(this, 'E-mail', 'Description mail');return false;\">keramoteka.salon@gmail.com<\/a> ali pa nas pokli\u010dite na: +386 31 255 900.<\/p>\n<p>Serija Atelier zajema talno porcelan keramiko v imitaciji lesa in prostoru daje ob\u010dutek topline in doma\u010dnosti.<\/p>\n<p>Technical description: 15,4&#215;60<\/p>\n","protected":false},"excerpt":{"rendered":"<p>9 mm debeline je dovolj tudi za zahtevnej\u0161e kupce. Halcon Atelier Beige prihaja iz \u0160panije, ki je znana po zelo kvalitetni keramiki v svetovnem merilu. Ta model plo\u0161\u010dice se najbolje prodaja v be\u017e barvi. 31,08 EUR v klasi\u010dni trgovini, pri nas pa le 24,86 EUR. Plo\u0161\u010dica na sliki je velika 15&#215;60 cm. Kliknite na ime [&hellip;]<\/p>\n","protected":false},"featured_media":106210,"template":"","meta":[],"product_cat":[99946,200,999],"product_tag":[],"_links":{"self":[{"href":"https:\/\/www.keramika.com\/slovenija\/wp-json\/wp\/v2\/product\/106209"}],"collection":[{"href":"https:\/\/www.keramika.com\/slovenija\/wp-json\/wp\/v2\/product"}],"about":[{"href":"https:\/\/www.keramika.com\/slovenija\/wp-json\/wp\/v2\/types\/product"}],"wp:featuredmedia":[{"embeddable":true,"href":"https:\/\/www.keramika.com\/slovenija\/wp-json\/wp\/v2\/media\/106210"}],"wp:attachment":[{"href":"https:\/\/www.keramika.com\/slovenija\/wp-json\/wp\/v2\/media?parent=106209"}],"wp:term":[{"taxonomy":"product_cat","embeddable":true,"href":"https:\/\/www.keramika.com\/slovenija\/wp-json\/wp\/v2\/product_cat?post=106209"},{"taxonomy":"product_tag","embeddable":true,"href":"https:\/\/www.keramika.com\/slovenija\/wp-json\/wp\/v2\/product_tag?post=106209"}],"curies":[{"name":"wp","href":"https:\/\/api.w.org\/{rel}","templated":true}]}}