{"id":106199,"date":"2017-03-23T01:24:57","date_gmt":"2017-03-23T01:24:57","guid":{"rendered":"http:\/\/keramika.holest.com\/slovenija\/product\/podne-plocice-arcana-tiberina-ivory\/"},"modified":"2026-01-04T00:02:39","modified_gmt":"2026-01-04T00:02:39","slug":"podne-plocice-arcana-tiberina-ivory","status":"publish","type":"product","link":"https:\/\/www.keramika.com\/slovenija\/podne-plocice-arcana-tiberina-ivory\/","title":{"rendered":"Podne plo\u010dice Arcana Tiberina Ivory"},"content":{"rendered":"<p>Namesto 37,6 EUR kot bi za to plo\u0161\u010dico od\u0161teli v klasi\u010dni trgovini, boste v na\u0161i spletni prodajalni od\u0161teli le 30,08 EUR. Arcana Tiberina Ivory je plo\u0161\u010dica proizvajalca Arcana tiles in prihaja iz \u0160panije. Z velikostjo 60&#215;60 cm je ta plo\u0161\u010dica primerna ze razli\u010dne povr\u0161ine. Debelina kar 10 mm dela to plo\u0161\u010dico zelo trpe\u017eno in presti\u017eno na otip. Ta kerami\u010dna plo\u0161\u010dica v \u010dudoviti be\u017e barvi bo obogatila vsak prostor.<\/p>\n<p>Kliknite na ime kolekcije za ogled vseh plo\u0161\u010dic iz te serije: <a class=\"pdfcatal\" href=\"\/\/www.ceramictiles.com\/pdf\/arcana\/catalogue_arcana_tiberina.pdf\" onclick=\"recordOutboundLink(this, 'E-mail', 'Description PDF');return false;\">Arcana tiles Tiberina<\/a><\/p>\n<p>\u010ce \u017eelite naro\u010diti model iz pdf kataloga te kolekcije, nam pi\u0161ite na: <a href=\"mailto:keramoteka.salon@gmail.com\" onclick=\"recordOutboundLink(this, 'E-mail', 'Description mail');return false;\">keramoteka.salon@gmail.com<\/a> ali pa nas pokli\u010dite na: +386 31 255 900.<\/p>\n","protected":false},"excerpt":{"rendered":"<p>Namesto 37,6 EUR kot bi za to plo\u0161\u010dico od\u0161teli v klasi\u010dni trgovini, boste v na\u0161i spletni prodajalni od\u0161teli le 30,08 EUR. Arcana Tiberina Ivory je plo\u0161\u010dica proizvajalca Arcana tiles in prihaja iz \u0160panije. Z velikostjo 60&#215;60 cm je ta plo\u0161\u010dica primerna ze razli\u010dne povr\u0161ine. Debelina kar 10 mm dela to plo\u0161\u010dico zelo trpe\u017eno in presti\u017eno [&hellip;]<\/p>\n","protected":false},"featured_media":106200,"template":"","meta":[],"product_cat":[99921439,200,999],"product_tag":[],"_links":{"self":[{"href":"https:\/\/www.keramika.com\/slovenija\/wp-json\/wp\/v2\/product\/106199"}],"collection":[{"href":"https:\/\/www.keramika.com\/slovenija\/wp-json\/wp\/v2\/product"}],"about":[{"href":"https:\/\/www.keramika.com\/slovenija\/wp-json\/wp\/v2\/types\/product"}],"wp:featuredmedia":[{"embeddable":true,"href":"https:\/\/www.keramika.com\/slovenija\/wp-json\/wp\/v2\/media\/106200"}],"wp:attachment":[{"href":"https:\/\/www.keramika.com\/slovenija\/wp-json\/wp\/v2\/media?parent=106199"}],"wp:term":[{"taxonomy":"product_cat","embeddable":true,"href":"https:\/\/www.keramika.com\/slovenija\/wp-json\/wp\/v2\/product_cat?post=106199"},{"taxonomy":"product_tag","embeddable":true,"href":"https:\/\/www.keramika.com\/slovenija\/wp-json\/wp\/v2\/product_tag?post=106199"}],"curies":[{"name":"wp","href":"https:\/\/api.w.org\/{rel}","templated":true}]}}