{"id":106197,"date":"2017-03-23T01:24:51","date_gmt":"2017-03-23T01:24:51","guid":{"rendered":"http:\/\/keramika.holest.com\/slovenija\/product\/zidne-plocice-arcana-sestiere-gris\/"},"modified":"2026-01-04T00:02:39","modified_gmt":"2026-01-04T00:02:39","slug":"zidne-plocice-arcana-sestiere-gris","status":"publish","type":"product","link":"https:\/\/www.keramika.com\/slovenija\/zidne-plocice-arcana-sestiere-gris\/","title":{"rendered":"Zidne plo\u010dice Arcana Sestiere Gris"},"content":{"rendered":"<p>Arcana Sestiere Gris je plo\u0161\u010dica proizvajalca Arcana tiles in prihaja iz \u0160panije. 38,8 EUR v klasi\u010dni trgovini, pri nas pa le 31,04 EUR. Plo\u0161\u010dica na sliki je velika 25&#215;75 cm. Pri izbiri plo\u0161\u010dice v be\u017e barvi ne morete zgre\u0161iti. Ta plo\u0161\u010dica je debela 10 mm in je zelo trpe\u017ena.<\/p>\n<p>Kliknite na ime kolekcije za ogled vseh plo\u0161\u010dic iz te serije: <a class=\"pdfcatal\" href=\"\/\/www.ceramictiles.com\/pdf\/arcana\/catalogue_arcana_sestiere.pdf\" onclick=\"recordOutboundLink(this, 'E-mail', 'Description PDF');return false;\">Arcana tiles Sestiere<\/a><\/p>\n<p>\u010ce \u017eelite naro\u010diti model iz pdf kataloga te kolekcije, nam pi\u0161ite na: <a href=\"mailto:keramoteka.salon@gmail.com\" onclick=\"recordOutboundLink(this, 'E-mail', 'Description mail');return false;\">keramoteka.salon@gmail.com<\/a> ali pa nas pokli\u010dite na: +386 31 255 900.<\/p>\n","protected":false},"excerpt":{"rendered":"<p>Arcana Sestiere Gris je plo\u0161\u010dica proizvajalca Arcana tiles in prihaja iz \u0160panije. 38,8 EUR v klasi\u010dni trgovini, pri nas pa le 31,04 EUR. Plo\u0161\u010dica na sliki je velika 25&#215;75 cm. Pri izbiri plo\u0161\u010dice v be\u017e barvi ne morete zgre\u0161iti. Ta plo\u0161\u010dica je debela 10 mm in je zelo trpe\u017ena. Kliknite na ime kolekcije za ogled [&hellip;]<\/p>\n","protected":false},"featured_media":106198,"template":"","meta":[],"product_cat":[99921439,200,999],"product_tag":[],"_links":{"self":[{"href":"https:\/\/www.keramika.com\/slovenija\/wp-json\/wp\/v2\/product\/106197"}],"collection":[{"href":"https:\/\/www.keramika.com\/slovenija\/wp-json\/wp\/v2\/product"}],"about":[{"href":"https:\/\/www.keramika.com\/slovenija\/wp-json\/wp\/v2\/types\/product"}],"wp:featuredmedia":[{"embeddable":true,"href":"https:\/\/www.keramika.com\/slovenija\/wp-json\/wp\/v2\/media\/106198"}],"wp:attachment":[{"href":"https:\/\/www.keramika.com\/slovenija\/wp-json\/wp\/v2\/media?parent=106197"}],"wp:term":[{"taxonomy":"product_cat","embeddable":true,"href":"https:\/\/www.keramika.com\/slovenija\/wp-json\/wp\/v2\/product_cat?post=106197"},{"taxonomy":"product_tag","embeddable":true,"href":"https:\/\/www.keramika.com\/slovenija\/wp-json\/wp\/v2\/product_tag?post=106197"}],"curies":[{"name":"wp","href":"https:\/\/api.w.org\/{rel}","templated":true}]}}