{"id":106193,"date":"2017-03-23T01:24:39","date_gmt":"2017-03-23T01:24:39","guid":{"rendered":"http:\/\/keramika.holest.com\/slovenija\/product\/plocice-za-kupatilo-arcana-lambrate-gris\/"},"modified":"2026-01-04T00:02:38","modified_gmt":"2026-01-04T00:02:38","slug":"plocice-za-kupatilo-arcana-lambrate-gris","status":"publish","type":"product","link":"https:\/\/www.keramika.com\/slovenija\/plocice-za-kupatilo-arcana-lambrate-gris\/","title":{"rendered":"Plo\u010dice za kupatilo Arcana Lambrate Gris"},"content":{"rendered":"<p>Debelina kar 10 mm dela to plo\u0161\u010dico zelo trpe\u017eno in presti\u017eno na otip. Ta plo\u0161\u010dica prihaja iz \u0160panije, ki je znana po kvalitetni keramiki. 45,2 EUR v klasi\u010dni trgovini, pri nas pa le 36,16 EUR. Ta model plo\u0161\u010dice se najbolje prodaja v sivi barvi. \u0160irina in dol\u017eina te plo\u0161\u010dice sta 33,3&#215;100 cm.<\/p>\n<p>Kliknite na ime kolekcije za ogled vseh plo\u0161\u010dic iz te serije: <a class=\"pdfcatal\" href=\"\/\/www.ceramictiles.com\/pdf\/arcana\/catalogue_arcana_lambrate.pdf\" onclick=\"recordOutboundLink(this, 'E-mail', 'Description PDF');return false;\">Arcana tiles Lambrate<\/a><\/p>\n<p>\u010ce \u017eelite naro\u010diti model iz pdf kataloga te kolekcije, nam pi\u0161ite na: <a href=\"mailto:keramoteka.salon@gmail.com\" onclick=\"recordOutboundLink(this, 'E-mail', 'Description mail');return false;\">keramoteka.salon@gmail.com<\/a> ali pa nas pokli\u010dite na: +386 31 255 900.<\/p>\n","protected":false},"excerpt":{"rendered":"<p>Debelina kar 10 mm dela to plo\u0161\u010dico zelo trpe\u017eno in presti\u017eno na otip. Ta plo\u0161\u010dica prihaja iz \u0160panije, ki je znana po kvalitetni keramiki. 45,2 EUR v klasi\u010dni trgovini, pri nas pa le 36,16 EUR. Ta model plo\u0161\u010dice se najbolje prodaja v sivi barvi. \u0160irina in dol\u017eina te plo\u0161\u010dice sta 33,3&#215;100 cm. Kliknite na ime [&hellip;]<\/p>\n","protected":false},"featured_media":106194,"template":"","meta":[],"product_cat":[99921439,200,999],"product_tag":[],"_links":{"self":[{"href":"https:\/\/www.keramika.com\/slovenija\/wp-json\/wp\/v2\/product\/106193"}],"collection":[{"href":"https:\/\/www.keramika.com\/slovenija\/wp-json\/wp\/v2\/product"}],"about":[{"href":"https:\/\/www.keramika.com\/slovenija\/wp-json\/wp\/v2\/types\/product"}],"wp:featuredmedia":[{"embeddable":true,"href":"https:\/\/www.keramika.com\/slovenija\/wp-json\/wp\/v2\/media\/106194"}],"wp:attachment":[{"href":"https:\/\/www.keramika.com\/slovenija\/wp-json\/wp\/v2\/media?parent=106193"}],"wp:term":[{"taxonomy":"product_cat","embeddable":true,"href":"https:\/\/www.keramika.com\/slovenija\/wp-json\/wp\/v2\/product_cat?post=106193"},{"taxonomy":"product_tag","embeddable":true,"href":"https:\/\/www.keramika.com\/slovenija\/wp-json\/wp\/v2\/product_tag?post=106193"}],"curies":[{"name":"wp","href":"https:\/\/api.w.org\/{rel}","templated":true}]}}