{"id":106191,"date":"2017-03-23T01:24:33","date_gmt":"2017-03-23T01:24:33","guid":{"rendered":"http:\/\/keramika.holest.com\/slovenija\/product\/plocice-za-kupatilo-arcana-gubbio-cosmos\/"},"modified":"2026-01-04T00:02:38","modified_gmt":"2026-01-04T00:02:38","slug":"plocice-za-kupatilo-arcana-gubbio-cosmos","status":"publish","type":"product","link":"https:\/\/www.keramika.com\/slovenija\/plocice-za-kupatilo-arcana-gubbio-cosmos\/","title":{"rendered":"Plo\u010dice za kupatilo Arcana Gubbio Cosmos"},"content":{"rendered":"<p>\u0160irina in dol\u017eina te plo\u0161\u010dice sta 20&#215;40 cm. Arcana Gubbio Cosmos je plo\u0161\u010dica proizvajalca Arcana tiles in prihaja iz \u0160panije. V redni prodaji bi morali za to plo\u0161\u010dico od\u0161teti 25,35 EUR, spletna cena pa zna\u0161a le 20,28 EUR. Ta plo\u0161\u010dica je debela 10 mm in je zelo trpe\u017ena. Ta plo\u0161\u010dica je na voljo v \u010dudoviti modri barvi, \u010de \u017eelite kak\u0161no drugo barvo pa nas kontaktirajte in preverili bomo pri proizvajalcu.<\/p>\n<p>Kliknite na ime kolekcije za ogled vseh plo\u0161\u010dic iz te serije: <a class=\"pdfcatal\" href=\"\/\/www.ceramictiles.com\/pdf\/arcana\/catalogue_arcana_gubbio.pdf\" onclick=\"recordOutboundLink(this, 'E-mail', 'Description PDF');return false;\">Arcana tiles Gubbio<\/a><\/p>\n<p>\u010ce \u017eelite naro\u010diti model iz pdf kataloga te kolekcije, nam pi\u0161ite na: <a href=\"mailto:keramoteka.salon@gmail.com\" onclick=\"recordOutboundLink(this, 'E-mail', 'Description mail');return false;\">keramoteka.salon@gmail.com<\/a> ali pa nas pokli\u010dite na: +386 31 255 900.<\/p>\n","protected":false},"excerpt":{"rendered":"<p>\u0160irina in dol\u017eina te plo\u0161\u010dice sta 20&#215;40 cm. Arcana Gubbio Cosmos je plo\u0161\u010dica proizvajalca Arcana tiles in prihaja iz \u0160panije. V redni prodaji bi morali za to plo\u0161\u010dico od\u0161teti 25,35 EUR, spletna cena pa zna\u0161a le 20,28 EUR. Ta plo\u0161\u010dica je debela 10 mm in je zelo trpe\u017ena. Ta plo\u0161\u010dica je na voljo v \u010dudoviti [&hellip;]<\/p>\n","protected":false},"featured_media":106192,"template":"","meta":[],"product_cat":[99921439,200,999],"product_tag":[],"_links":{"self":[{"href":"https:\/\/www.keramika.com\/slovenija\/wp-json\/wp\/v2\/product\/106191"}],"collection":[{"href":"https:\/\/www.keramika.com\/slovenija\/wp-json\/wp\/v2\/product"}],"about":[{"href":"https:\/\/www.keramika.com\/slovenija\/wp-json\/wp\/v2\/types\/product"}],"wp:featuredmedia":[{"embeddable":true,"href":"https:\/\/www.keramika.com\/slovenija\/wp-json\/wp\/v2\/media\/106192"}],"wp:attachment":[{"href":"https:\/\/www.keramika.com\/slovenija\/wp-json\/wp\/v2\/media?parent=106191"}],"wp:term":[{"taxonomy":"product_cat","embeddable":true,"href":"https:\/\/www.keramika.com\/slovenija\/wp-json\/wp\/v2\/product_cat?post=106191"},{"taxonomy":"product_tag","embeddable":true,"href":"https:\/\/www.keramika.com\/slovenija\/wp-json\/wp\/v2\/product_tag?post=106191"}],"curies":[{"name":"wp","href":"https:\/\/api.w.org\/{rel}","templated":true}]}}