{"id":106187,"date":"2017-03-23T01:24:17","date_gmt":"2017-03-23T01:24:17","guid":{"rendered":"http:\/\/keramika.holest.com\/slovenija\/product\/podne-plocice-arcana-bolano-r-gris\/"},"modified":"2026-01-04T00:02:37","modified_gmt":"2026-01-04T00:02:37","slug":"podne-plocice-arcana-bolano-r-gris","status":"publish","type":"product","link":"https:\/\/www.keramika.com\/slovenija\/podne-plocice-arcana-bolano-r-gris\/","title":{"rendered":"Podne plo\u010dice Arcana Bolano-R Gris"},"content":{"rendered":"<p>10 mm debeline je dovolj tudi za zahtevnej\u0161e kupce. 74,55 EUR v klasi\u010dni trgovini, pri nas pa le 59,64 EUR. Zelo moderna plo\u0161\u010dica v sivi barvi popestri prav vsak prostor. Arcana Bolano-R Gris je pripeljana iz \u0160panije in je zelo kvalitetna. Dimenzije te plo\u0161\u010dice so 30&#215;120 cm.<\/p>\n<p>Kliknite na ime kolekcije za ogled vseh plo\u0161\u010dic iz te serije: <a class=\"pdfcatal\" href=\"\/\/www.ceramictiles.com\/pdf\/arcana\/catalogue_arcana_bolano.pdf\" onclick=\"recordOutboundLink(this, 'E-mail', 'Description PDF');return false;\">Arcana tiles Bolano<\/a><\/p>\n<p>\u010ce \u017eelite naro\u010diti model iz pdf kataloga te kolekcije, nam pi\u0161ite na: <a href=\"mailto:keramoteka.salon@gmail.com\" onclick=\"recordOutboundLink(this, 'E-mail', 'Description mail');return false;\">keramoteka.salon@gmail.com<\/a> ali pa nas pokli\u010dite na: +386 31 255 900.<\/p>\n<p>Technical description: 29,2&#215;119,3<\/p>\n","protected":false},"excerpt":{"rendered":"<p>10 mm debeline je dovolj tudi za zahtevnej\u0161e kupce. 74,55 EUR v klasi\u010dni trgovini, pri nas pa le 59,64 EUR. Zelo moderna plo\u0161\u010dica v sivi barvi popestri prav vsak prostor. Arcana Bolano-R Gris je pripeljana iz \u0160panije in je zelo kvalitetna. Dimenzije te plo\u0161\u010dice so 30&#215;120 cm. Kliknite na ime kolekcije za ogled vseh plo\u0161\u010dic [&hellip;]<\/p>\n","protected":false},"featured_media":106188,"template":"","meta":[],"product_cat":[99921439,200,999],"product_tag":[],"_links":{"self":[{"href":"https:\/\/www.keramika.com\/slovenija\/wp-json\/wp\/v2\/product\/106187"}],"collection":[{"href":"https:\/\/www.keramika.com\/slovenija\/wp-json\/wp\/v2\/product"}],"about":[{"href":"https:\/\/www.keramika.com\/slovenija\/wp-json\/wp\/v2\/types\/product"}],"wp:featuredmedia":[{"embeddable":true,"href":"https:\/\/www.keramika.com\/slovenija\/wp-json\/wp\/v2\/media\/106188"}],"wp:attachment":[{"href":"https:\/\/www.keramika.com\/slovenija\/wp-json\/wp\/v2\/media?parent=106187"}],"wp:term":[{"taxonomy":"product_cat","embeddable":true,"href":"https:\/\/www.keramika.com\/slovenija\/wp-json\/wp\/v2\/product_cat?post=106187"},{"taxonomy":"product_tag","embeddable":true,"href":"https:\/\/www.keramika.com\/slovenija\/wp-json\/wp\/v2\/product_tag?post=106187"}],"curies":[{"name":"wp","href":"https:\/\/api.w.org\/{rel}","templated":true}]}}