{"id":106181,"date":"2017-03-23T01:23:57","date_gmt":"2017-03-23T01:23:57","guid":{"rendered":"http:\/\/keramika.holest.com\/slovenija\/product\/projektne-ploscice-tau-totem-arena\/"},"modified":"2026-01-04T00:02:37","modified_gmt":"2026-01-04T00:02:37","slug":"projektne-ploscice-tau-totem-arena","status":"publish","type":"product","link":"https:\/\/www.keramika.com\/slovenija\/projektne-ploscice-tau-totem-arena\/","title":{"rendered":"Projektne plo\u0161\u0107ice TAU Totem Arena"},"content":{"rendered":"<p>To plo\u0161\u010dico je izdelal proizvajalec Tau Ceramica, ki prihaja iz \u0160panije. Pri izbiri plo\u0161\u010dice v be\u017e barvi ne morete zgre\u0161iti. Z velikostjo 30&#215;60 cm je ta plo\u0161\u010dica primerna ze razli\u010dne povr\u0161ine. Na spletu boste za to plo\u0161\u010dico od\u0161teli le 21,86 EUR, medtem ko v redni prodaji cena zna\u0161a 27,32 EUR. Debelina kar 10 mm dela to plo\u0161\u010dico zelo trpe\u017eno in presti\u017eno na otip.<\/p>\n<p>Kliknite na ime kolekcije za ogled vseh plo\u0161\u010dic iz te serije: <a class=\"pdfcatal\" href=\"\/\/www.ceramictiles.com\/pdf\/tau\/catalogue_tau_totem.pdf\" onclick=\"recordOutboundLink(this, 'E-mail', 'Description PDF');return false;\">Tau Ceramica Totem<\/a><\/p>\n<p>\u010ce \u017eelite naro\u010diti model iz pdf kataloga te kolekcije, nam pi\u0161ite na: <a href=\"mailto:keramoteka.salon@gmail.com\" onclick=\"recordOutboundLink(this, 'E-mail', 'Description mail');return false;\">keramoteka.salon@gmail.com<\/a> ali pa nas pokli\u010dite na: +386 31 255 900.<\/p>\n","protected":false},"excerpt":{"rendered":"<p>To plo\u0161\u010dico je izdelal proizvajalec Tau Ceramica, ki prihaja iz \u0160panije. Pri izbiri plo\u0161\u010dice v be\u017e barvi ne morete zgre\u0161iti. Z velikostjo 30&#215;60 cm je ta plo\u0161\u010dica primerna ze razli\u010dne povr\u0161ine. Na spletu boste za to plo\u0161\u010dico od\u0161teli le 21,86 EUR, medtem ko v redni prodaji cena zna\u0161a 27,32 EUR. Debelina kar 10 mm dela [&hellip;]<\/p>\n","protected":false},"featured_media":106182,"template":"","meta":[],"product_cat":[999,999125],"product_tag":[],"_links":{"self":[{"href":"https:\/\/www.keramika.com\/slovenija\/wp-json\/wp\/v2\/product\/106181"}],"collection":[{"href":"https:\/\/www.keramika.com\/slovenija\/wp-json\/wp\/v2\/product"}],"about":[{"href":"https:\/\/www.keramika.com\/slovenija\/wp-json\/wp\/v2\/types\/product"}],"wp:featuredmedia":[{"embeddable":true,"href":"https:\/\/www.keramika.com\/slovenija\/wp-json\/wp\/v2\/media\/106182"}],"wp:attachment":[{"href":"https:\/\/www.keramika.com\/slovenija\/wp-json\/wp\/v2\/media?parent=106181"}],"wp:term":[{"taxonomy":"product_cat","embeddable":true,"href":"https:\/\/www.keramika.com\/slovenija\/wp-json\/wp\/v2\/product_cat?post=106181"},{"taxonomy":"product_tag","embeddable":true,"href":"https:\/\/www.keramika.com\/slovenija\/wp-json\/wp\/v2\/product_tag?post=106181"}],"curies":[{"name":"wp","href":"https:\/\/api.w.org\/{rel}","templated":true}]}}