{"id":106179,"date":"2017-03-23T01:23:51","date_gmt":"2017-03-23T01:23:51","guid":{"rendered":"http:\/\/keramika.holest.com\/slovenija\/product\/ploscice-za-kopalnico-tau-tiburis-beige\/"},"modified":"2026-01-04T00:02:37","modified_gmt":"2026-01-04T00:02:37","slug":"ploscice-za-kopalnico-tau-tiburis-beige","status":"publish","type":"product","link":"https:\/\/www.keramika.com\/slovenija\/ploscice-za-kopalnico-tau-tiburis-beige\/","title":{"rendered":"Plo\u0161\u010dice za kopalnico TAU Tiburis Beige"},"content":{"rendered":"<p>Ta plo\u0161\u010dica je na voljo v \u010dudoviti be\u017e barvi, \u010de \u017eelite kak\u0161no drugo barvo pa nas kontaktirajte in preverili bomo pri proizvajalcu. TAU Tiburis Beige je plo\u0161\u010dica proizvajalca Tau Ceramica in prihaja iz \u0160panije. Plo\u0161\u010dica na sliki je velika 31,6&#215;60 cm. TAU Tiburis Beige je na voljo po zelo ugodni ceni 20,56 EUR. Plo\u0161\u010dica je debela kar 11 mm, kar jo uvr\u0161\u010da med bolj trde plo\u0161\u010dice.<\/p>\n<p>Kliknite na ime kolekcije za ogled vseh plo\u0161\u010dic iz te serije: <a class=\"pdfcatal\" href=\"\/\/www.ceramictiles.com\/pdf\/tau\/catalogue_tau_tiburis.pdf\" onclick=\"recordOutboundLink(this, 'E-mail', 'Description PDF');return false;\">Tau Ceramica Tiburis<\/a><\/p>\n<p>\u010ce \u017eelite naro\u010diti model iz pdf kataloga te kolekcije, nam pi\u0161ite na: <a href=\"mailto:keramoteka.salon@gmail.com\" onclick=\"recordOutboundLink(this, 'E-mail', 'Description mail');return false;\">keramoteka.salon@gmail.com<\/a> ali pa nas pokli\u010dite na: +386 31 255 900.<\/p>\n","protected":false},"excerpt":{"rendered":"<p>Ta plo\u0161\u010dica je na voljo v \u010dudoviti be\u017e barvi, \u010de \u017eelite kak\u0161no drugo barvo pa nas kontaktirajte in preverili bomo pri proizvajalcu. TAU Tiburis Beige je plo\u0161\u010dica proizvajalca Tau Ceramica in prihaja iz \u0160panije. Plo\u0161\u010dica na sliki je velika 31,6&#215;60 cm. TAU Tiburis Beige je na voljo po zelo ugodni ceni 20,56 EUR. Plo\u0161\u010dica je [&hellip;]<\/p>\n","protected":false},"featured_media":106180,"template":"","meta":[],"product_cat":[999,999125],"product_tag":[],"_links":{"self":[{"href":"https:\/\/www.keramika.com\/slovenija\/wp-json\/wp\/v2\/product\/106179"}],"collection":[{"href":"https:\/\/www.keramika.com\/slovenija\/wp-json\/wp\/v2\/product"}],"about":[{"href":"https:\/\/www.keramika.com\/slovenija\/wp-json\/wp\/v2\/types\/product"}],"wp:featuredmedia":[{"embeddable":true,"href":"https:\/\/www.keramika.com\/slovenija\/wp-json\/wp\/v2\/media\/106180"}],"wp:attachment":[{"href":"https:\/\/www.keramika.com\/slovenija\/wp-json\/wp\/v2\/media?parent=106179"}],"wp:term":[{"taxonomy":"product_cat","embeddable":true,"href":"https:\/\/www.keramika.com\/slovenija\/wp-json\/wp\/v2\/product_cat?post=106179"},{"taxonomy":"product_tag","embeddable":true,"href":"https:\/\/www.keramika.com\/slovenija\/wp-json\/wp\/v2\/product_tag?post=106179"}],"curies":[{"name":"wp","href":"https:\/\/api.w.org\/{rel}","templated":true}]}}