{"id":106175,"date":"2017-03-23T01:23:40","date_gmt":"2017-03-23T01:23:40","guid":{"rendered":"http:\/\/keramika.holest.com\/slovenija\/product\/ploscice-za-kopalnico-tau-tapial-white\/"},"modified":"2026-01-04T00:02:36","modified_gmt":"2026-01-04T00:02:36","slug":"ploscice-za-kopalnico-tau-tapial-white","status":"publish","type":"product","link":"https:\/\/www.keramika.com\/slovenija\/ploscice-za-kopalnico-tau-tapial-white\/","title":{"rendered":"Plo\u0161\u010dice za kopalnico TAU Tapial White"},"content":{"rendered":"<p>Velikost te plo\u0161\u010dice je 15&#215;60 cm in je primerna za razli\u010dne povr\u0161ine. Keramika v beli barvi popestri vsak prostor. 10 mm debeline je dovolj tudi za zahtevnej\u0161e kupce. Zaradi ni\u017ejih stro\u0161kov pri spletni prodaji boste na na\u0161i strani za to plo\u0161\u010dico od\u0161teli le 23,98 EUR. TAU Tapial White prihaja iz \u0160panije, ki je znana po zelo kvalitetni keramiki v svetovnem merilu.<\/p>\n<p>Kliknite na ime kolekcije za ogled vseh plo\u0161\u010dic iz te serije: <a class=\"pdfcatal\" href=\"\/\/www.ceramictiles.com\/pdf\/tau\/catalogue_tau_tapial.pdf\" onclick=\"recordOutboundLink(this, 'E-mail', 'Description PDF');return false;\">Tau Ceramica Tapial<\/a><\/p>\n<p>\u010ce \u017eelite naro\u010diti model iz pdf kataloga te kolekcije, nam pi\u0161ite na: <a href=\"mailto:keramoteka.salon@gmail.com\" onclick=\"recordOutboundLink(this, 'E-mail', 'Description mail');return false;\">keramoteka.salon@gmail.com<\/a> ali pa nas pokli\u010dite na: +386 31 255 900.<\/p>\n","protected":false},"excerpt":{"rendered":"<p>Velikost te plo\u0161\u010dice je 15&#215;60 cm in je primerna za razli\u010dne povr\u0161ine. Keramika v beli barvi popestri vsak prostor. 10 mm debeline je dovolj tudi za zahtevnej\u0161e kupce. Zaradi ni\u017ejih stro\u0161kov pri spletni prodaji boste na na\u0161i strani za to plo\u0161\u010dico od\u0161teli le 23,98 EUR. TAU Tapial White prihaja iz \u0160panije, ki je znana po [&hellip;]<\/p>\n","protected":false},"featured_media":106176,"template":"","meta":[],"product_cat":[999,999125],"product_tag":[],"_links":{"self":[{"href":"https:\/\/www.keramika.com\/slovenija\/wp-json\/wp\/v2\/product\/106175"}],"collection":[{"href":"https:\/\/www.keramika.com\/slovenija\/wp-json\/wp\/v2\/product"}],"about":[{"href":"https:\/\/www.keramika.com\/slovenija\/wp-json\/wp\/v2\/types\/product"}],"wp:featuredmedia":[{"embeddable":true,"href":"https:\/\/www.keramika.com\/slovenija\/wp-json\/wp\/v2\/media\/106176"}],"wp:attachment":[{"href":"https:\/\/www.keramika.com\/slovenija\/wp-json\/wp\/v2\/media?parent=106175"}],"wp:term":[{"taxonomy":"product_cat","embeddable":true,"href":"https:\/\/www.keramika.com\/slovenija\/wp-json\/wp\/v2\/product_cat?post=106175"},{"taxonomy":"product_tag","embeddable":true,"href":"https:\/\/www.keramika.com\/slovenija\/wp-json\/wp\/v2\/product_tag?post=106175"}],"curies":[{"name":"wp","href":"https:\/\/api.w.org\/{rel}","templated":true}]}}