{"id":106173,"date":"2017-03-23T01:23:35","date_gmt":"2017-03-23T01:23:35","guid":{"rendered":"http:\/\/keramika.holest.com\/slovenija\/product\/keramika-imitacija-kamna-tau-tabriz-crema\/"},"modified":"2026-01-04T00:02:36","modified_gmt":"2026-01-04T00:02:36","slug":"keramika-imitacija-kamna-tau-tabriz-crema","status":"publish","type":"product","link":"https:\/\/www.keramika.com\/slovenija\/keramika-imitacija-kamna-tau-tabriz-crema\/","title":{"rendered":"Keramika imitacija kamna TAU Tabriz Crema"},"content":{"rendered":"<p>Velikost te plo\u0161\u010dice je 31,6&#215;60 cm. 11 mm je debelina, ki zadovolji tudi zahtevnej\u0161e kupce. Pri izbiri plo\u0161\u010dice v sivi barvi ne morete zgre\u0161iti. Ta plo\u0161\u010dica prihaja iz \u0160panije, ki je znana po kvalitetni keramiki. V redni prodaji bi morali za to plo\u0161\u010dico od\u0161teti 25,7 EUR, spletna cena pa zna\u0161a le 20,56 EUR.<\/p>\n<p>Kliknite na ime kolekcije za ogled vseh plo\u0161\u010dic iz te serije: <a class=\"pdfcatal\" href=\"\/\/www.ceramictiles.com\/pdf\/tau\/catalogue_tau_tabriz.pdf\" onclick=\"recordOutboundLink(this, 'E-mail', 'Description PDF');return false;\">Tau Ceramica Tabriz<\/a><\/p>\n<p>\u010ce \u017eelite naro\u010diti model iz pdf kataloga te kolekcije, nam pi\u0161ite na: <a href=\"mailto:keramoteka.salon@gmail.com\" onclick=\"recordOutboundLink(this, 'E-mail', 'Description mail');return false;\">keramoteka.salon@gmail.com<\/a> ali pa nas pokli\u010dite na: +386 31 255 900.<\/p>\n","protected":false},"excerpt":{"rendered":"<p>Velikost te plo\u0161\u010dice je 31,6&#215;60 cm. 11 mm je debelina, ki zadovolji tudi zahtevnej\u0161e kupce. Pri izbiri plo\u0161\u010dice v sivi barvi ne morete zgre\u0161iti. Ta plo\u0161\u010dica prihaja iz \u0160panije, ki je znana po kvalitetni keramiki. V redni prodaji bi morali za to plo\u0161\u010dico od\u0161teti 25,7 EUR, spletna cena pa zna\u0161a le 20,56 EUR. Kliknite na [&hellip;]<\/p>\n","protected":false},"featured_media":106174,"template":"","meta":[],"product_cat":[999,999125],"product_tag":[],"_links":{"self":[{"href":"https:\/\/www.keramika.com\/slovenija\/wp-json\/wp\/v2\/product\/106173"}],"collection":[{"href":"https:\/\/www.keramika.com\/slovenija\/wp-json\/wp\/v2\/product"}],"about":[{"href":"https:\/\/www.keramika.com\/slovenija\/wp-json\/wp\/v2\/types\/product"}],"wp:featuredmedia":[{"embeddable":true,"href":"https:\/\/www.keramika.com\/slovenija\/wp-json\/wp\/v2\/media\/106174"}],"wp:attachment":[{"href":"https:\/\/www.keramika.com\/slovenija\/wp-json\/wp\/v2\/media?parent=106173"}],"wp:term":[{"taxonomy":"product_cat","embeddable":true,"href":"https:\/\/www.keramika.com\/slovenija\/wp-json\/wp\/v2\/product_cat?post=106173"},{"taxonomy":"product_tag","embeddable":true,"href":"https:\/\/www.keramika.com\/slovenija\/wp-json\/wp\/v2\/product_tag?post=106173"}],"curies":[{"name":"wp","href":"https:\/\/api.w.org\/{rel}","templated":true}]}}