{"id":106159,"date":"2017-03-23T01:22:55","date_gmt":"2017-03-23T01:22:55","guid":{"rendered":"http:\/\/keramika.holest.com\/slovenija\/product\/ploscice-za-kopalnico-tau-intense-white\/"},"modified":"2026-01-04T00:02:34","modified_gmt":"2026-01-04T00:02:34","slug":"ploscice-za-kopalnico-tau-intense-white","status":"publish","type":"product","link":"https:\/\/www.keramika.com\/slovenija\/ploscice-za-kopalnico-tau-intense-white\/","title":{"rendered":"Plo\u0161\u010dice za kopalnico TAU Intense White"},"content":{"rendered":"<p>Letos so plo\u0161\u010dice v beli barvi zelo za\u017eeljene. TAU Intense White je pripeljana iz \u0160panije in je zelo kvalitetna. Ta plo\u0161\u010dica je debela 11 mm in je zelo trpe\u017ena. Zaradi ni\u017ejih stro\u0161kov pri spletni prodaji boste na na\u0161i strani za to plo\u0161\u010dico od\u0161teli le 20,56 EUR. Velikost te plo\u0161\u010dice je 20&#215;60 cm.<\/p>\n<p>Kliknite na ime kolekcije za ogled vseh plo\u0161\u010dic iz te serije: <a class=\"pdfcatal\" href=\"\/\/www.ceramictiles.com\/pdf\/tau\/catalogue_tau_intense.pdf\" onclick=\"recordOutboundLink(this, 'E-mail', 'Description PDF');return false;\">Tau Ceramica Intense<\/a><\/p>\n<p>\u010ce \u017eelite naro\u010diti model iz pdf kataloga te kolekcije, nam pi\u0161ite na: <a href=\"mailto:keramoteka.salon@gmail.com\" onclick=\"recordOutboundLink(this, 'E-mail', 'Description mail');return false;\">keramoteka.salon@gmail.com<\/a> ali pa nas pokli\u010dite na: +386 31 255 900.<\/p>\n","protected":false},"excerpt":{"rendered":"<p>Letos so plo\u0161\u010dice v beli barvi zelo za\u017eeljene. TAU Intense White je pripeljana iz \u0160panije in je zelo kvalitetna. Ta plo\u0161\u010dica je debela 11 mm in je zelo trpe\u017ena. Zaradi ni\u017ejih stro\u0161kov pri spletni prodaji boste na na\u0161i strani za to plo\u0161\u010dico od\u0161teli le 20,56 EUR. Velikost te plo\u0161\u010dice je 20&#215;60 cm. Kliknite na ime [&hellip;]<\/p>\n","protected":false},"featured_media":106160,"template":"","meta":[],"product_cat":[999,999125],"product_tag":[],"_links":{"self":[{"href":"https:\/\/www.keramika.com\/slovenija\/wp-json\/wp\/v2\/product\/106159"}],"collection":[{"href":"https:\/\/www.keramika.com\/slovenija\/wp-json\/wp\/v2\/product"}],"about":[{"href":"https:\/\/www.keramika.com\/slovenija\/wp-json\/wp\/v2\/types\/product"}],"wp:featuredmedia":[{"embeddable":true,"href":"https:\/\/www.keramika.com\/slovenija\/wp-json\/wp\/v2\/media\/106160"}],"wp:attachment":[{"href":"https:\/\/www.keramika.com\/slovenija\/wp-json\/wp\/v2\/media?parent=106159"}],"wp:term":[{"taxonomy":"product_cat","embeddable":true,"href":"https:\/\/www.keramika.com\/slovenija\/wp-json\/wp\/v2\/product_cat?post=106159"},{"taxonomy":"product_tag","embeddable":true,"href":"https:\/\/www.keramika.com\/slovenija\/wp-json\/wp\/v2\/product_tag?post=106159"}],"curies":[{"name":"wp","href":"https:\/\/api.w.org\/{rel}","templated":true}]}}