{"id":106133,"date":"2017-06-23T01:21:40","date_gmt":"2017-06-23T01:21:40","guid":{"rendered":"http:\/\/keramika.holest.com\/slovenija\/product\/talne-ploscice-tau-corten-gris\/"},"modified":"2026-01-04T00:02:32","modified_gmt":"2026-01-04T00:02:32","slug":"talne-ploscice-tau-corten-gris","status":"publish","type":"product","link":"https:\/\/www.keramika.com\/slovenija\/talne-ploscice-tau-corten-gris\/","title":{"rendered":"Talne plo\u0161\u010dice TAU Corten Gris"},"content":{"rendered":"<p>Debelina plo\u0161\u010dice je zelo pomembna in 11 mm uvr\u0161\u010da to plo\u0161\u010dico med najkvalitetnej\u0161e. Velikost te plo\u0161\u010dice je 31,6&#215;60 cm. 25,7 EUR v klasi\u010dni trgovini, pri nas pa le 20,56 EUR. Ta plo\u0161\u010dica prihaja iz \u0160panije, ki je znana po kvalitetni keramiki. Ta plo\u0161\u010dica je na voljo v \u010dudoviti sivi barvi, \u010de \u017eelite kak\u0161no drugo barvo pa nas kontaktirajte in preverili bomo pri proizvajalcu.<\/p>\n<p>Kliknite na ime kolekcije za ogled vseh plo\u0161\u010dic iz te serije: <a class=\"pdfcatal\" href=\"\/\/www.ceramictiles.com\/pdf\/tau\/catalogue_tau_corten_wall.pdf\" onclick=\"recordOutboundLink(this, 'E-mail', 'Description PDF');return false;\">Tau Ceramica Corten Wall<\/a><\/p>\n<p>\u010ce \u017eelite naro\u010diti model iz pdf kataloga te kolekcije, nam pi\u0161ite na: <a href=\"mailto:keramoteka.salon@gmail.com\" onclick=\"recordOutboundLink(this, 'E-mail', 'Description mail');return false;\">keramoteka.salon@gmail.com<\/a> ali pa nas pokli\u010dite na: +386 31 255 900.<\/p>\n<p>Technical description :<br \/>\n5 Colors : BLANCO ; BEIGE ; NIGHT ; CORTEN A ; CORTEN B<br \/>\n4 Sizes : 30 x 60 ; 45&#215;45 ; 45 x 90 ; 60 x 60<br \/>\n2 Surfaces: NATURAL ; SEMIPULIDO<\/p>\n","protected":false},"excerpt":{"rendered":"<p><a class=\"pdfcatal\" href=\" https:\/\/www.ceramictiles.com\/pdf\/catalogue_tau.pdf \" onclick=\"recordOutboundLink(this, &#039;E-mail&#039;, &#039;Description PDF&#039;);return false;\"> Splo\u0161ni katalog z vsemi zbirkami Tau v ponudbi<\/a><\/p>\n","protected":false},"featured_media":106134,"template":"","meta":[],"product_cat":[200,260,999,290,240,999125,270],"product_tag":[99921978,99921980],"_links":{"self":[{"href":"https:\/\/www.keramika.com\/slovenija\/wp-json\/wp\/v2\/product\/106133"}],"collection":[{"href":"https:\/\/www.keramika.com\/slovenija\/wp-json\/wp\/v2\/product"}],"about":[{"href":"https:\/\/www.keramika.com\/slovenija\/wp-json\/wp\/v2\/types\/product"}],"wp:featuredmedia":[{"embeddable":true,"href":"https:\/\/www.keramika.com\/slovenija\/wp-json\/wp\/v2\/media\/106134"}],"wp:attachment":[{"href":"https:\/\/www.keramika.com\/slovenija\/wp-json\/wp\/v2\/media?parent=106133"}],"wp:term":[{"taxonomy":"product_cat","embeddable":true,"href":"https:\/\/www.keramika.com\/slovenija\/wp-json\/wp\/v2\/product_cat?post=106133"},{"taxonomy":"product_tag","embeddable":true,"href":"https:\/\/www.keramika.com\/slovenija\/wp-json\/wp\/v2\/product_tag?post=106133"}],"curies":[{"name":"wp","href":"https:\/\/api.w.org\/{rel}","templated":true}]}}