{"id":106107,"date":"2017-03-23T01:20:26","date_gmt":"2017-03-23T01:20:26","guid":{"rendered":"http:\/\/keramika.holest.com\/slovenija\/product\/stekleni-mozaik-vidrepur-multiformat-tapiz-1\/"},"modified":"2026-01-04T00:02:29","modified_gmt":"2026-01-04T00:02:29","slug":"stekleni-mozaik-vidrepur-multiformat-tapiz-1","status":"publish","type":"product","link":"https:\/\/www.keramika.com\/slovenija\/stekleni-mozaik-vidrepur-multiformat-tapiz-1\/","title":{"rendered":"Stekleni mozaik Vidrepur Multiformat Tapiz 1"},"content":{"rendered":"<p>Vidrepur Multiformat Tapiz 1 je plo\u0161\u010dica proizvajalca Vidrepur in prihaja iz \u0160panije. Ta mozaik je debel 5 mm in je zelo trpe\u017een. Letos so mozaiki v beli barvi zelo za\u017eeljeni. Mozaik dobite pripet na mre\u017eo, kar olaj\u0161a njegovo polaganje. Velikost mre\u017ee je 25&#215;50 cm in je primerna za razli\u010dne povr\u0161ine. 150 EUR v klasi\u010dni trgovini, pri nas pa le 120 EUR.<\/p>\n<p>Kliknite na ime kolekcije za ogled vseh plo\u0161\u010dic iz te serije: <a class=\"pdfcatal\" href=\"\/\/www.ceramictiles.com\/pdf\/vidrepur\/catalogue_vidrepur_multi_formatcollection.pdf\" onclick=\"recordOutboundLink(this, 'E-mail', 'Description PDF');return false;\">Vidrepur Multi Formatcollection<\/a><\/p>\n<p>\u010ce \u017eelite naro\u010diti model iz pdf kataloga te kolekcije, nam pi\u0161ite na: <a href=\"mailto:keramoteka.salon@gmail.com\" onclick=\"recordOutboundLink(this, 'E-mail', 'Description mail');return false;\">keramoteka.salon@gmail.com<\/a> ali pa nas pokli\u010dite na: +386 31 255 900.<\/p>\n<p>Technical description: <\/p>\n<p>Min. 1 box &#8211; Delivery 30 Euro\/box in EU<\/p>\n","protected":false},"excerpt":{"rendered":"<p>Vidrepur Multiformat Tapiz 1 je plo\u0161\u010dica proizvajalca Vidrepur in prihaja iz \u0160panije. Ta mozaik je debel 5 mm in je zelo trpe\u017een. Letos so mozaiki v beli barvi zelo za\u017eeljeni. Mozaik dobite pripet na mre\u017eo, kar olaj\u0161a njegovo polaganje. Velikost mre\u017ee je 25&#215;50 cm in je primerna za razli\u010dne povr\u0161ine. 150 EUR v klasi\u010dni trgovini, [&hellip;]<\/p>\n","protected":false},"featured_media":106108,"template":"","meta":[],"product_cat":[999,9991712],"product_tag":[],"_links":{"self":[{"href":"https:\/\/www.keramika.com\/slovenija\/wp-json\/wp\/v2\/product\/106107"}],"collection":[{"href":"https:\/\/www.keramika.com\/slovenija\/wp-json\/wp\/v2\/product"}],"about":[{"href":"https:\/\/www.keramika.com\/slovenija\/wp-json\/wp\/v2\/types\/product"}],"wp:featuredmedia":[{"embeddable":true,"href":"https:\/\/www.keramika.com\/slovenija\/wp-json\/wp\/v2\/media\/106108"}],"wp:attachment":[{"href":"https:\/\/www.keramika.com\/slovenija\/wp-json\/wp\/v2\/media?parent=106107"}],"wp:term":[{"taxonomy":"product_cat","embeddable":true,"href":"https:\/\/www.keramika.com\/slovenija\/wp-json\/wp\/v2\/product_cat?post=106107"},{"taxonomy":"product_tag","embeddable":true,"href":"https:\/\/www.keramika.com\/slovenija\/wp-json\/wp\/v2\/product_tag?post=106107"}],"curies":[{"name":"wp","href":"https:\/\/api.w.org\/{rel}","templated":true}]}}