{"id":106105,"date":"2017-03-23T01:20:20","date_gmt":"2017-03-23T01:20:20","guid":{"rendered":"http:\/\/keramika.holest.com\/slovenija\/product\/stekleni-mozaik-vidrepur-impressions-wood-nogal-mt\/"},"modified":"2026-01-04T00:02:29","modified_gmt":"2026-01-04T00:02:29","slug":"stekleni-mozaik-vidrepur-impressions-wood-nogal-mt","status":"publish","type":"product","link":"https:\/\/www.keramika.com\/slovenija\/stekleni-mozaik-vidrepur-impressions-wood-nogal-mt\/","title":{"rendered":"Stekleni mozaik Vidrepur Impressions Wood Nogal MT"},"content":{"rendered":"<p>Vidrepur Impressions Wood Nogal MT prihaja iz \u0160panije, ki je znana po zelo kvalitetni keramiki v svetovnem merilu. Letos so mozaiki v rjavi barvi zelo za\u017eeljeni. 5 mm je debelina, ki zadovolji tudi zahtevnej\u0161e kupce. 90 EUR v klasi\u010dni trgovini, pri nas pa le 72 EUR. Mozaik dobite pripet na mre\u017eo, kar olaj\u0161a njegovo polaganje. Velikost mre\u017ee je 25&#215;25 cm in je primerna za razli\u010dne povr\u0161ine.<\/p>\n<p>Technical description: <\/p>\n<p>Min. 1 box &#8211; Delivery 30 Euro\/box in EU<\/p>\n","protected":false},"excerpt":{"rendered":"<p>Vidrepur Impressions Wood Nogal MT prihaja iz \u0160panije, ki je znana po zelo kvalitetni keramiki v svetovnem merilu. Letos so mozaiki v rjavi barvi zelo za\u017eeljeni. 5 mm je debelina, ki zadovolji tudi zahtevnej\u0161e kupce. 90 EUR v klasi\u010dni trgovini, pri nas pa le 72 EUR. Mozaik dobite pripet na mre\u017eo, kar olaj\u0161a njegovo polaganje. [&hellip;]<\/p>\n","protected":false},"featured_media":106106,"template":"","meta":[],"product_cat":[999,9991712],"product_tag":[],"_links":{"self":[{"href":"https:\/\/www.keramika.com\/slovenija\/wp-json\/wp\/v2\/product\/106105"}],"collection":[{"href":"https:\/\/www.keramika.com\/slovenija\/wp-json\/wp\/v2\/product"}],"about":[{"href":"https:\/\/www.keramika.com\/slovenija\/wp-json\/wp\/v2\/types\/product"}],"wp:featuredmedia":[{"embeddable":true,"href":"https:\/\/www.keramika.com\/slovenija\/wp-json\/wp\/v2\/media\/106106"}],"wp:attachment":[{"href":"https:\/\/www.keramika.com\/slovenija\/wp-json\/wp\/v2\/media?parent=106105"}],"wp:term":[{"taxonomy":"product_cat","embeddable":true,"href":"https:\/\/www.keramika.com\/slovenija\/wp-json\/wp\/v2\/product_cat?post=106105"},{"taxonomy":"product_tag","embeddable":true,"href":"https:\/\/www.keramika.com\/slovenija\/wp-json\/wp\/v2\/product_tag?post=106105"}],"curies":[{"name":"wp","href":"https:\/\/api.w.org\/{rel}","templated":true}]}}