{"id":106093,"date":"2017-03-23T01:19:49","date_gmt":"2017-03-23T01:19:49","guid":{"rendered":"http:\/\/keramika.holest.com\/slovenija\/product\/stekleni-mozaik-vidrepur-fadeaways-oh-baby\/"},"modified":"2026-01-04T00:02:28","modified_gmt":"2026-01-04T00:02:28","slug":"stekleni-mozaik-vidrepur-fadeaways-oh-baby","status":"publish","type":"product","link":"https:\/\/www.keramika.com\/slovenija\/stekleni-mozaik-vidrepur-fadeaways-oh-baby\/","title":{"rendered":"Stekleni mozaik Vidrepur Fadeaways Oh Baby"},"content":{"rendered":"<p>Mozaik na sliki je pripet na mre\u017eo, kar olaj\u0161a njegovo polaganje. Mre\u017ea je velika 25&#215;25 cm. V redni prodaji bi morali za ta mozaik od\u0161teti 57,7 EUR, spletna cena pa zna\u0161a le 46,16 EUR. Debelina kar 5 mm dela ta mozaik zelo trpe\u017een in presti\u017een na otip. Letos so mozaiki v zeleni barvi zelo za\u017eeljeni. Vidrepur Fadeaways Oh Baby je plo\u0161\u010dica proizvajalca Vidrepur in prihaja iz \u0160panije.<\/p>\n<p>Kliknite na ime kolekcije za ogled vseh plo\u0161\u010dic iz te serije: <a class=\"pdfcatal\" href=\"\/\/www.ceramictiles.com\/pdf\/vidrepur\/catalogue_vidrepur_fadeaways_.pdf\" onclick=\"recordOutboundLink(this, 'E-mail', 'Description PDF');return false;\">Vidrepur Fadeaways<\/a><\/p>\n<p>\u010ce \u017eelite naro\u010diti model iz pdf kataloga te kolekcije, nam pi\u0161ite na: <a href=\"mailto:keramoteka.salon@gmail.com\" onclick=\"recordOutboundLink(this, 'E-mail', 'Description mail');return false;\">keramoteka.salon@gmail.com<\/a> ali pa nas pokli\u010dite na: +386 31 255 900.<\/p>\n<p>Technical description: <\/p>\n<p>Min. 1 box &#8211; Delivery 30 Euro\/box in EU<\/p>\n","protected":false},"excerpt":{"rendered":"<p>Mozaik na sliki je pripet na mre\u017eo, kar olaj\u0161a njegovo polaganje. Mre\u017ea je velika 25&#215;25 cm. V redni prodaji bi morali za ta mozaik od\u0161teti 57,7 EUR, spletna cena pa zna\u0161a le 46,16 EUR. Debelina kar 5 mm dela ta mozaik zelo trpe\u017een in presti\u017een na otip. Letos so mozaiki v zeleni barvi zelo za\u017eeljeni. [&hellip;]<\/p>\n","protected":false},"featured_media":106094,"template":"","meta":[],"product_cat":[400,999,410,9991712],"product_tag":[],"_links":{"self":[{"href":"https:\/\/www.keramika.com\/slovenija\/wp-json\/wp\/v2\/product\/106093"}],"collection":[{"href":"https:\/\/www.keramika.com\/slovenija\/wp-json\/wp\/v2\/product"}],"about":[{"href":"https:\/\/www.keramika.com\/slovenija\/wp-json\/wp\/v2\/types\/product"}],"wp:featuredmedia":[{"embeddable":true,"href":"https:\/\/www.keramika.com\/slovenija\/wp-json\/wp\/v2\/media\/106094"}],"wp:attachment":[{"href":"https:\/\/www.keramika.com\/slovenija\/wp-json\/wp\/v2\/media?parent=106093"}],"wp:term":[{"taxonomy":"product_cat","embeddable":true,"href":"https:\/\/www.keramika.com\/slovenija\/wp-json\/wp\/v2\/product_cat?post=106093"},{"taxonomy":"product_tag","embeddable":true,"href":"https:\/\/www.keramika.com\/slovenija\/wp-json\/wp\/v2\/product_tag?post=106093"}],"curies":[{"name":"wp","href":"https:\/\/api.w.org\/{rel}","templated":true}]}}