{"id":106083,"date":"2017-03-23T01:19:20","date_gmt":"2017-03-23T01:19:20","guid":{"rendered":"http:\/\/keramika.holest.com\/slovenija\/product\/stekleni-mozaik-vidrepur-peces-rojos\/"},"modified":"2026-01-04T00:02:26","modified_gmt":"2026-01-04T00:02:26","slug":"stekleni-mozaik-vidrepur-peces-rojos","status":"publish","type":"product","link":"https:\/\/www.keramika.com\/slovenija\/stekleni-mozaik-vidrepur-peces-rojos\/","title":{"rendered":"Stekleni mozaik Vidrepur Peces Rojos"},"content":{"rendered":"<p>360 EUR v klasi\u010dni trgovini, pri nas pa le 288 EUR. Mozaik je debel kar 5 mm, kar ga uvr\u0161\u010da med bolj trde mozaik plo\u0161\u010dice. Vidrepur Peces Rojos je pripeljana iz \u0160panije in je zelo kvalitetna. Zelo moderen mozaik v dominanti modri barvi popestri prav vsak prostor. Z velikostjo mre\u017ee 25&#215;25 cm na katero je pripet, je ta mozaik primeren ze razli\u010dne povr\u0161ine.<\/p>\n<p>Kliknite na ime kolekcije za ogled vseh plo\u0161\u010dic iz te serije: <a class=\"pdfcatal\" href=\"\/\/www.ceramictiles.com\/pdf\/vidrepur\/catalogue_vidrepur_drawings.pdf\" onclick=\"recordOutboundLink(this, 'E-mail', 'Description PDF');return false;\">Vidrepur Drawings<\/a><\/p>\n<p>\u010ce \u017eelite naro\u010diti model iz pdf kataloga te kolekcije, nam pi\u0161ite na: <a href=\"mailto:keramoteka.salon@gmail.com\" onclick=\"recordOutboundLink(this, 'E-mail', 'Description mail');return false;\">keramoteka.salon@gmail.com<\/a> ali pa nas pokli\u010dite na: +386 31 255 900.<\/p>\n<p>Technical description: <\/p>\n<p>Min. 1 box &#8211; Delivery 30 Euro\/box in EU<\/p>\n","protected":false},"excerpt":{"rendered":"<p>360 EUR v klasi\u010dni trgovini, pri nas pa le 288 EUR. Mozaik je debel kar 5 mm, kar ga uvr\u0161\u010da med bolj trde mozaik plo\u0161\u010dice. Vidrepur Peces Rojos je pripeljana iz \u0160panije in je zelo kvalitetna. Zelo moderen mozaik v dominanti modri barvi popestri prav vsak prostor. Z velikostjo mre\u017ee 25&#215;25 cm na katero je [&hellip;]<\/p>\n","protected":false},"featured_media":106084,"template":"","meta":[],"product_cat":[999,9991712],"product_tag":[],"_links":{"self":[{"href":"https:\/\/www.keramika.com\/slovenija\/wp-json\/wp\/v2\/product\/106083"}],"collection":[{"href":"https:\/\/www.keramika.com\/slovenija\/wp-json\/wp\/v2\/product"}],"about":[{"href":"https:\/\/www.keramika.com\/slovenija\/wp-json\/wp\/v2\/types\/product"}],"wp:featuredmedia":[{"embeddable":true,"href":"https:\/\/www.keramika.com\/slovenija\/wp-json\/wp\/v2\/media\/106084"}],"wp:attachment":[{"href":"https:\/\/www.keramika.com\/slovenija\/wp-json\/wp\/v2\/media?parent=106083"}],"wp:term":[{"taxonomy":"product_cat","embeddable":true,"href":"https:\/\/www.keramika.com\/slovenija\/wp-json\/wp\/v2\/product_cat?post=106083"},{"taxonomy":"product_tag","embeddable":true,"href":"https:\/\/www.keramika.com\/slovenija\/wp-json\/wp\/v2\/product_tag?post=106083"}],"curies":[{"name":"wp","href":"https:\/\/api.w.org\/{rel}","templated":true}]}}