{"id":106049,"date":"2017-03-23T01:17:44","date_gmt":"2017-03-23T01:17:44","guid":{"rendered":"http:\/\/keramika.holest.com\/slovenija\/product\/ploscice-aparici-indo-aqua\/"},"modified":"2017-03-23T01:17:44","modified_gmt":"2017-03-23T01:17:44","slug":"ploscice-aparici-indo-aqua","status":"publish","type":"product","link":"https:\/\/www.keramika.com\/slovenija\/ploscice-aparici-indo-aqua\/","title":{"rendered":"Plo\u0161\u010dice Aparici Indo aqua"},"content":{"rendered":"<p>Plo\u0161\u010dica je debela kar 7 mm, kar jo uvr\u0161\u010da med bolj trde plo\u0161\u010dice. Pri izbiri plo\u0161\u010dice v srebrni barvi ne morete zgre\u0161iti. Prihaja iz \u0160panije, ki po svetu slovi kot ena bolj\u0161ih proizvajalk kerami\u010dnih plo\u0161\u010dic. Velikost te plo\u0161\u010dice je 29,75&#215;89,46 cm.<\/p>\n<p>Kliknite na ime kolekcije za ogled vseh plo\u0161\u010dic iz te serije: <a class=\"pdfcatal\" href=\"\/\/www.ceramictiles.com\/pdf\/aparici\/catalogue_aparici_baqueira.pdf\" onclick=\"recordOutboundLink(this, 'E-mail', 'Description PDF');return false;\">Aparici Indo<\/a><\/p>\n<p>\u010ce \u017eelite naro\u010diti model iz pdf kataloga te kolekcije, nam pi\u0161ite na: <a href=\"mailto:keramoteka.salon@gmail.com\" onclick=\"recordOutboundLink(this, 'E-mail', 'Description mail');return false;\">keramoteka.salon@gmail.com<\/a> ali pa nas pokli\u010dite na: +386 31 255 900.<\/p>\n","protected":false},"excerpt":{"rendered":"<p>Plo\u0161\u010dica je debela kar 7 mm, kar jo uvr\u0161\u010da med bolj trde plo\u0161\u010dice. Pri izbiri plo\u0161\u010dice v srebrni barvi ne morete zgre\u0161iti. Prihaja iz \u0160panije, ki po svetu slovi kot ena bolj\u0161ih proizvajalk kerami\u010dnih plo\u0161\u010dic. Velikost te plo\u0161\u010dice je 29,75&#215;89,46 cm. Kliknite na ime kolekcije za ogled vseh plo\u0161\u010dic iz te serije: Aparici Indo \u010ce [&hellip;]<\/p>\n","protected":false},"featured_media":106050,"template":"","meta":[],"product_cat":[999773,999],"product_tag":[],"_links":{"self":[{"href":"https:\/\/www.keramika.com\/slovenija\/wp-json\/wp\/v2\/product\/106049"}],"collection":[{"href":"https:\/\/www.keramika.com\/slovenija\/wp-json\/wp\/v2\/product"}],"about":[{"href":"https:\/\/www.keramika.com\/slovenija\/wp-json\/wp\/v2\/types\/product"}],"wp:featuredmedia":[{"embeddable":true,"href":"https:\/\/www.keramika.com\/slovenija\/wp-json\/wp\/v2\/media\/106050"}],"wp:attachment":[{"href":"https:\/\/www.keramika.com\/slovenija\/wp-json\/wp\/v2\/media?parent=106049"}],"wp:term":[{"taxonomy":"product_cat","embeddable":true,"href":"https:\/\/www.keramika.com\/slovenija\/wp-json\/wp\/v2\/product_cat?post=106049"},{"taxonomy":"product_tag","embeddable":true,"href":"https:\/\/www.keramika.com\/slovenija\/wp-json\/wp\/v2\/product_tag?post=106049"}],"curies":[{"name":"wp","href":"https:\/\/api.w.org\/{rel}","templated":true}]}}