{"id":106033,"date":"2017-03-23T01:17:01","date_gmt":"2017-03-23T01:17:01","guid":{"rendered":"http:\/\/keramika.holest.com\/slovenija\/product\/ploscice-aparici-ariadne\/"},"modified":"2017-03-23T01:17:01","modified_gmt":"2017-03-23T01:17:01","slug":"ploscice-aparici-ariadne","status":"publish","type":"product","link":"https:\/\/www.keramika.com\/slovenija\/ploscice-aparici-ariadne\/","title":{"rendered":"Plo\u0161\u010dice Aparici Ariadne"},"content":{"rendered":"<p>Ta plo\u0161\u010dica je debela 10 mm in je zelo trpe\u017ena. \u0160irina in dol\u017eina te plo\u0161\u010dice sta 31,6&#215;59,2 cm. Keramika v be\u017e barvi popestri vsak prostor. Aparici Ariadne je plo\u0161\u010dica proizvajalca Aparici in prihaja iz \u0160panije.<\/p>\n<p>Kliknite na ime kolekcije za ogled vseh plo\u0161\u010dic iz te serije: <a class=\"pdfcatal\" href=\"\/\/www.ceramictiles.com\/pdf\/aparici\/catalogue_aparici_alessia.pdf\" onclick=\"recordOutboundLink(this, 'E-mail', 'Description PDF');return false;\">Aparici Ariadne<\/a><\/p>\n<p>\u010ce \u017eelite naro\u010diti model iz pdf kataloga te kolekcije, nam pi\u0161ite na: <a href=\"mailto:keramoteka.salon@gmail.com\" onclick=\"recordOutboundLink(this, 'E-mail', 'Description mail');return false;\">keramoteka.salon@gmail.com<\/a> ali pa nas pokli\u010dite na: +386 31 255 900.<\/p>\n","protected":false},"excerpt":{"rendered":"<p>Ta plo\u0161\u010dica je debela 10 mm in je zelo trpe\u017ena. \u0160irina in dol\u017eina te plo\u0161\u010dice sta 31,6&#215;59,2 cm. Keramika v be\u017e barvi popestri vsak prostor. Aparici Ariadne je plo\u0161\u010dica proizvajalca Aparici in prihaja iz \u0160panije. Kliknite na ime kolekcije za ogled vseh plo\u0161\u010dic iz te serije: Aparici Ariadne \u010ce \u017eelite naro\u010diti model iz pdf kataloga [&hellip;]<\/p>\n","protected":false},"featured_media":106034,"template":"","meta":[],"product_cat":[999773,999],"product_tag":[],"_links":{"self":[{"href":"https:\/\/www.keramika.com\/slovenija\/wp-json\/wp\/v2\/product\/106033"}],"collection":[{"href":"https:\/\/www.keramika.com\/slovenija\/wp-json\/wp\/v2\/product"}],"about":[{"href":"https:\/\/www.keramika.com\/slovenija\/wp-json\/wp\/v2\/types\/product"}],"wp:featuredmedia":[{"embeddable":true,"href":"https:\/\/www.keramika.com\/slovenija\/wp-json\/wp\/v2\/media\/106034"}],"wp:attachment":[{"href":"https:\/\/www.keramika.com\/slovenija\/wp-json\/wp\/v2\/media?parent=106033"}],"wp:term":[{"taxonomy":"product_cat","embeddable":true,"href":"https:\/\/www.keramika.com\/slovenija\/wp-json\/wp\/v2\/product_cat?post=106033"},{"taxonomy":"product_tag","embeddable":true,"href":"https:\/\/www.keramika.com\/slovenija\/wp-json\/wp\/v2\/product_tag?post=106033"}],"curies":[{"name":"wp","href":"https:\/\/api.w.org\/{rel}","templated":true}]}}