{"id":106027,"date":"2017-03-23T01:16:44","date_gmt":"2017-03-23T01:16:44","guid":{"rendered":"http:\/\/keramika.holest.com\/slovenija\/product\/ploscice-aparici-apuane-white\/"},"modified":"2017-03-23T01:16:44","modified_gmt":"2017-03-23T01:16:44","slug":"ploscice-aparici-apuane-white","status":"publish","type":"product","link":"https:\/\/www.keramika.com\/slovenija\/ploscice-aparici-apuane-white\/","title":{"rendered":"Plo\u0161\u010dice Aparici Apuane White"},"content":{"rendered":"<p>Ta kerami\u010dna plo\u0161\u010dica v \u010dudoviti beli barvi bo obogatila vsak prostor. Ta plo\u0161\u010dica je debela 10 mm in je zelo trpe\u017ena. Z 29,75&#215;59,55 cm je ta plo\u0161\u010dica primerna za razli\u010dne podlage. Aparici Apuane White je plo\u0161\u010dica proizvajalca Aparici in prihaja iz \u0160panije.<\/p>\n<p>Kliknite na ime kolekcije za ogled vseh plo\u0161\u010dic iz te serije: <a class=\"pdfcatal\" href=\"\/\/www.ceramictiles.com\/pdf\/aparici\/catalogue_aparici_aged.pdf\" onclick=\"recordOutboundLink(this, 'E-mail', 'Description PDF');return false;\">Aparici Apuane<\/a><\/p>\n<p>\u010ce \u017eelite naro\u010diti model iz pdf kataloga te kolekcije, nam pi\u0161ite na: <a href=\"mailto:keramoteka.salon@gmail.com\" onclick=\"recordOutboundLink(this, 'E-mail', 'Description mail');return false;\">keramoteka.salon@gmail.com<\/a> ali pa nas pokli\u010dite na: +386 31 255 900.<\/p>\n","protected":false},"excerpt":{"rendered":"<p>Ta kerami\u010dna plo\u0161\u010dica v \u010dudoviti beli barvi bo obogatila vsak prostor. Ta plo\u0161\u010dica je debela 10 mm in je zelo trpe\u017ena. Z 29,75&#215;59,55 cm je ta plo\u0161\u010dica primerna za razli\u010dne podlage. Aparici Apuane White je plo\u0161\u010dica proizvajalca Aparici in prihaja iz \u0160panije. Kliknite na ime kolekcije za ogled vseh plo\u0161\u010dic iz te serije: Aparici Apuane [&hellip;]<\/p>\n","protected":false},"featured_media":106028,"template":"","meta":[],"product_cat":[999773,999],"product_tag":[],"_links":{"self":[{"href":"https:\/\/www.keramika.com\/slovenija\/wp-json\/wp\/v2\/product\/106027"}],"collection":[{"href":"https:\/\/www.keramika.com\/slovenija\/wp-json\/wp\/v2\/product"}],"about":[{"href":"https:\/\/www.keramika.com\/slovenija\/wp-json\/wp\/v2\/types\/product"}],"wp:featuredmedia":[{"embeddable":true,"href":"https:\/\/www.keramika.com\/slovenija\/wp-json\/wp\/v2\/media\/106028"}],"wp:attachment":[{"href":"https:\/\/www.keramika.com\/slovenija\/wp-json\/wp\/v2\/media?parent=106027"}],"wp:term":[{"taxonomy":"product_cat","embeddable":true,"href":"https:\/\/www.keramika.com\/slovenija\/wp-json\/wp\/v2\/product_cat?post=106027"},{"taxonomy":"product_tag","embeddable":true,"href":"https:\/\/www.keramika.com\/slovenija\/wp-json\/wp\/v2\/product_tag?post=106027"}],"curies":[{"name":"wp","href":"https:\/\/api.w.org\/{rel}","templated":true}]}}