{"id":106017,"date":"2018-01-10T01:16:15","date_gmt":"2018-01-10T01:16:15","guid":{"rendered":"http:\/\/keramika.holest.com\/slovenija\/product\/keramika-za-kopalnico-aparici-zenith-grey\/"},"modified":"2018-01-13T11:41:30","modified_gmt":"2018-01-13T11:41:30","slug":"keramika-za-kopalnico-aparici-zenith-grey","status":"publish","type":"product","link":"https:\/\/www.keramika.com\/slovenija\/keramika-za-kopalnico-aparici-zenith-grey\/","title":{"rendered":"Keramika za kopalnico Aparici Zenith Grey"},"content":{"rendered":"<p>Ta kerami\u010dna plo\u0161\u010dica v \u010dudoviti sivi barvi bo obogatila vsak prostor. Aparici Zenith Grey prihaja iz \u0160panije, ki je znana po zelo kvalitetni keramiki v svetovnem merilu. Plo\u0161\u010dica je debela kar 10 mm, kar jo uvr\u0161\u010da med bolj trde plo\u0161\u010dice. Velikost te plo\u0161\u010dice je 59,2&#215;59,2 cm.<\/p>\n<p>Kliknite na ime kolekcije za ogled vseh plo\u0161\u010dic iz te serije: <a class=\"pdfcatal\" href=\"\/\/www.ceramictiles.com\/pdf\/aparici\/catalogue_aparici_zenith.pdf\" onclick=\"recordOutboundLink(this, 'E-mail', 'Description PDF');return false;\">Aparici Zenith<\/a><\/p>\n<p>\u010ce \u017eelite naro\u010diti model iz pdf kataloga te kolekcije, nam pi\u0161ite na: <a href=\"mailto:keramoteka.salon@gmail.com\" onclick=\"recordOutboundLink(this, 'E-mail', 'Description mail');return false;\">keramoteka.salon@gmail.com<\/a> ali pa nas pokli\u010dite na: +386 31 255 900.<\/p>\n<p>Porcelan talna keramika<\/p>\n<p>Zenith Beige Natural<br \/>\n59,2X59,2 G-3132<\/p>\n<p>Zenith Grey Natural<br \/>\n 59,2X59,2 G-3132<\/p>\n<p>Zenith Ivory Natural<br \/>\n59,2X59,2 G-3132<\/p>\n<p>Zenith Beige Nat Decor Mos 5X5<br \/>\n29,75X29,75\/ G-3666<\/p>\n<p>Zenith Grey Nat Decor Mos 5X5<br \/>\nMate 29,75X29,75\/ G-3666<\/p>\n<p>Zenith Ivory Nat Decor Mos 5X5<br \/>\nMate 29,75X29,75\/ G-3666<br \/>\n[vc_row][vc_column][\/vc_column][\/vc_row][vc_row][vc_column width=&#8221;1\/3&#8243;][vc_single_image source=&#8221;external_link&#8221; onclick=&#8221;link_image&#8221; custom_src=&#8221;https:\/\/www.ceramictiles.com\/images\/aparici\/aparici_zenith_beige.jpg&#8221; el_class=&#8221;eheight&#8221;][vc_column_text]<strong>Zenith Beige<\/strong><br \/><a class=\"pdfcatal\" href=\"\/\/www.ceramictiles.com\/pdf\/catalogue_aparici_porcelanico.pdf\" onclick=\"recordOutboundLink(this, 'E-mail', 'Description PDF');return false;\"> PDF Katalog kolekcije<\/a><\/a><br \/>Za najbolju ponudu, po\u0161aljite nam to\u010dnu boju, veli\u010dinu, koli\u010dinu i adresu za isporuku.<br \/><a href=\"mailto:keramoteka.salon@gmail.com\" onclick=\"recordOutboundLink(this, 'E-mail', 'Description mail');return false;\"> Po\u0161ta za zahtjev <\/a>[\/vc_column_text][vc_separator color=&#8221;black&#8221; border_width=&#8221;2&#8243;]<br \/>\n[\/vc_column][vc_column width=&#8221;1\/3&#8243;][vc_single_image source=&#8221;external_link&#8221; onclick=&#8221;link_image&#8221; custom_src=&#8221;https:\/\/www.ceramictiles.com\/images\/aparici\/aparici_zenith_beige_decor.jpg&#8221; el_class=&#8221;eheight&#8221;][vc_column_text]<strong>Zenith Beige Decor<\/strong><br \/><a class=\"pdfcatal\" href=\"\/\/www.ceramictiles.com\/pdf\/catalogue_aparici_porcelanico.pdf\" onclick=\"recordOutboundLink(this, 'E-mail', 'Description PDF');return false;\"> PDF Katalog kolekcije<\/a><\/a><br \/>Za najbolju ponudu, po\u0161aljite nam to\u010dnu boju, veli\u010dinu, koli\u010dinu i adresu za isporuku.<br \/><a href=\"mailto:keramoteka.salon@gmail.com\" onclick=\"recordOutboundLink(this, 'E-mail', 'Description mail');return false;\"> Po\u0161ta za zahtjev <\/a>[\/vc_column_text][vc_separator color=&#8221;black&#8221; border_width=&#8221;2&#8243;]<br \/>\n[\/vc_column][vc_column width=&#8221;1\/3&#8243;][vc_single_image source=&#8221;external_link&#8221; onclick=&#8221;link_image&#8221; custom_src=&#8221;https:\/\/www.ceramictiles.com\/images\/aparici\/aparici_zenith_grey.jpg&#8221; el_class=&#8221;eheight&#8221;][vc_column_text]<strong>Zenith Grey<\/strong><br \/><a class=\"pdfcatal\" href=\"\/\/www.ceramictiles.com\/pdf\/catalogue_aparici_porcelanico.pdf\" onclick=\"recordOutboundLink(this, 'E-mail', 'Description PDF');return false;\"> PDF Katalog kolekcije<\/a><\/a><br \/>Za najbolju ponudu, po\u0161aljite nam to\u010dnu boju, veli\u010dinu, koli\u010dinu i adresu za isporuku.<br \/><a href=\"mailto:keramoteka.salon@gmail.com\" onclick=\"recordOutboundLink(this, 'E-mail', 'Description mail');return false;\"> Po\u0161ta za zahtjev <\/a>[\/vc_column_text][vc_separator color=&#8221;black&#8221; border_width=&#8221;2&#8243;]<br \/>\n[\/vc_column][vc_column width=&#8221;1\/3&#8243;][vc_single_image source=&#8221;external_link&#8221; onclick=&#8221;link_image&#8221; custom_src=&#8221;https:\/\/www.ceramictiles.com\/images\/aparici\/aparici_zenith_grey_decor.jpg&#8221; el_class=&#8221;eheight&#8221;][vc_column_text]<strong>Zenith Grey Decor<\/strong><br \/><a class=\"pdfcatal\" href=\"\/\/www.ceramictiles.com\/pdf\/catalogue_aparici_porcelanico.pdf\" onclick=\"recordOutboundLink(this, 'E-mail', 'Description PDF');return false;\"> PDF Katalog kolekcije<\/a><\/a><br \/>Za najbolju ponudu, po\u0161aljite nam to\u010dnu boju, veli\u010dinu, koli\u010dinu i adresu za isporuku.<br \/><a href=\"mailto:keramoteka.salon@gmail.com\" onclick=\"recordOutboundLink(this, 'E-mail', 'Description mail');return false;\"> Po\u0161ta za zahtjev <\/a>[\/vc_column_text][vc_separator color=&#8221;black&#8221; border_width=&#8221;2&#8243;]<br \/>\n[\/vc_column][vc_column width=&#8221;1\/3&#8243;][vc_single_image source=&#8221;external_link&#8221; onclick=&#8221;link_image&#8221; custom_src=&#8221;https:\/\/www.ceramictiles.com\/images\/aparici\/aparici_zenith_ivory.jpg&#8221; el_class=&#8221;eheight&#8221;][vc_column_text]<strong>Zenith Ivory<\/strong><br \/><a class=\"pdfcatal\" href=\"\/\/www.ceramictiles.com\/pdf\/catalogue_aparici_porcelanico.pdf\" onclick=\"recordOutboundLink(this, 'E-mail', 'Description PDF');return false;\"> PDF Katalog kolekcije<\/a><\/a><br \/>Za najbolju ponudu, po\u0161aljite nam to\u010dnu boju, veli\u010dinu, koli\u010dinu i adresu za isporuku.<br \/><a href=\"mailto:keramoteka.salon@gmail.com\" onclick=\"recordOutboundLink(this, 'E-mail', 'Description mail');return false;\"> Po\u0161ta za zahtjev <\/a>[\/vc_column_text][vc_separator color=&#8221;black&#8221; border_width=&#8221;2&#8243;]<br \/>\n[\/vc_column][vc_column width=&#8221;1\/3&#8243;][vc_single_image source=&#8221;external_link&#8221; onclick=&#8221;link_image&#8221; custom_src=&#8221;https:\/\/www.ceramictiles.com\/images\/aparici\/aparici_zenith_ivory_decor.jpg&#8221; el_class=&#8221;eheight&#8221;][vc_column_text]<strong>Zenith Ivory Decor<\/strong><br \/><a class=\"pdfcatal\" href=\"\/\/www.ceramictiles.com\/pdf\/catalogue_aparici_porcelanico.pdf\" onclick=\"recordOutboundLink(this, 'E-mail', 'Description PDF');return false;\"> PDF Katalog kolekcije<\/a><\/a><br \/>Za najbolju ponudu, po\u0161aljite nam to\u010dnu boju, veli\u010dinu, koli\u010dinu i adresu za isporuku.<br \/><a href=\"mailto:keramoteka.salon@gmail.com\" onclick=\"recordOutboundLink(this, 'E-mail', 'Description mail');return false;\"> Po\u0161ta za zahtjev <\/a>[\/vc_column_text][vc_separator color=&#8221;black&#8221; border_width=&#8221;2&#8243;]<\/p>\n<p>[\/vc_column][\/vc_row]<\/p>\n","protected":false},"excerpt":{"rendered":"<p>Talne in stenske porcelanske plo\u0161\u010dice za kopalnico.<\/p>\n","protected":false},"featured_media":106018,"template":"","meta":[],"product_cat":[99,999773,200,220,260,999],"product_tag":[99921980],"_links":{"self":[{"href":"https:\/\/www.keramika.com\/slovenija\/wp-json\/wp\/v2\/product\/106017"}],"collection":[{"href":"https:\/\/www.keramika.com\/slovenija\/wp-json\/wp\/v2\/product"}],"about":[{"href":"https:\/\/www.keramika.com\/slovenija\/wp-json\/wp\/v2\/types\/product"}],"wp:featuredmedia":[{"embeddable":true,"href":"https:\/\/www.keramika.com\/slovenija\/wp-json\/wp\/v2\/media\/106018"}],"wp:attachment":[{"href":"https:\/\/www.keramika.com\/slovenija\/wp-json\/wp\/v2\/media?parent=106017"}],"wp:term":[{"taxonomy":"product_cat","embeddable":true,"href":"https:\/\/www.keramika.com\/slovenija\/wp-json\/wp\/v2\/product_cat?post=106017"},{"taxonomy":"product_tag","embeddable":true,"href":"https:\/\/www.keramika.com\/slovenija\/wp-json\/wp\/v2\/product_tag?post=106017"}],"curies":[{"name":"wp","href":"https:\/\/api.w.org\/{rel}","templated":true}]}}