{"id":106015,"date":"2017-03-23T01:16:09","date_gmt":"2017-03-23T01:16:09","guid":{"rendered":"http:\/\/keramika.holest.com\/slovenija\/product\/stenske-ploscice-aparici-virgin-soho\/"},"modified":"2017-03-23T01:16:09","modified_gmt":"2017-03-23T01:16:09","slug":"stenske-ploscice-aparici-virgin-soho","status":"publish","type":"product","link":"https:\/\/www.keramika.com\/slovenija\/stenske-ploscice-aparici-virgin-soho\/","title":{"rendered":"Stenske plo\u0161\u010dice Aparici Virgin Soho"},"content":{"rendered":"<p>Letos so plo\u0161\u010dice v beli barvi zelo za\u017eeljene. 8 mm je debelina, ki zadovolji tudi zahtevnej\u0161e kupce. Z velikostjo 29,75&#215;89,46 cm je ta plo\u0161\u010dica primerna ze razli\u010dne povr\u0161ine. Aparici Virgin Soho je plo\u0161\u010dica proizvajalca Aparici in prihaja iz \u0160panije.<\/p>\n<p>Kliknite na ime kolekcije za ogled vseh plo\u0161\u010dic iz te serije: <a class=\"pdfcatal\" href=\"\/\/www.ceramictiles.com\/pdf\/aparici\/catalogue_aparici_virgin.pdf\" onclick=\"recordOutboundLink(this, 'E-mail', 'Description PDF');return false;\">Aparici Virgin<\/a><\/p>\n<p>\u010ce \u017eelite naro\u010diti model iz pdf kataloga te kolekcije, nam pi\u0161ite na: <a href=\"mailto:keramoteka.salon@gmail.com\" onclick=\"recordOutboundLink(this, 'E-mail', 'Description mail');return false;\">keramoteka.salon@gmail.com<\/a> ali pa nas pokli\u010dite na: +386 31 255 900.<\/p>\n<p>Reliefna stenska keramika<\/p>\n","protected":false},"excerpt":{"rendered":"<p>Letos so plo\u0161\u010dice v beli barvi zelo za\u017eeljene. 8 mm je debelina, ki zadovolji tudi zahtevnej\u0161e kupce. Z velikostjo 29,75&#215;89,46 cm je ta plo\u0161\u010dica primerna ze razli\u010dne povr\u0161ine. Aparici Virgin Soho je plo\u0161\u010dica proizvajalca Aparici in prihaja iz \u0160panije. Kliknite na ime kolekcije za ogled vseh plo\u0161\u010dic iz te serije: Aparici Virgin \u010ce \u017eelite naro\u010diti [&hellip;]<\/p>\n","protected":false},"featured_media":106016,"template":"","meta":[],"product_cat":[99,999773,999],"product_tag":[],"_links":{"self":[{"href":"https:\/\/www.keramika.com\/slovenija\/wp-json\/wp\/v2\/product\/106015"}],"collection":[{"href":"https:\/\/www.keramika.com\/slovenija\/wp-json\/wp\/v2\/product"}],"about":[{"href":"https:\/\/www.keramika.com\/slovenija\/wp-json\/wp\/v2\/types\/product"}],"wp:featuredmedia":[{"embeddable":true,"href":"https:\/\/www.keramika.com\/slovenija\/wp-json\/wp\/v2\/media\/106016"}],"wp:attachment":[{"href":"https:\/\/www.keramika.com\/slovenija\/wp-json\/wp\/v2\/media?parent=106015"}],"wp:term":[{"taxonomy":"product_cat","embeddable":true,"href":"https:\/\/www.keramika.com\/slovenija\/wp-json\/wp\/v2\/product_cat?post=106015"},{"taxonomy":"product_tag","embeddable":true,"href":"https:\/\/www.keramika.com\/slovenija\/wp-json\/wp\/v2\/product_tag?post=106015"}],"curies":[{"name":"wp","href":"https:\/\/api.w.org\/{rel}","templated":true}]}}