{"id":106013,"date":"2017-03-23T01:16:03","date_gmt":"2017-03-23T01:16:03","guid":{"rendered":"http:\/\/keramika.holest.com\/slovenija\/product\/talne-in-stenske-ploscice-aparici-vanguard-cube\/"},"modified":"2017-03-23T01:16:03","modified_gmt":"2017-03-23T01:16:03","slug":"talne-in-stenske-ploscice-aparici-vanguard-cube","status":"publish","type":"product","link":"https:\/\/www.keramika.com\/slovenija\/talne-in-stenske-ploscice-aparici-vanguard-cube\/","title":{"rendered":"Talne in stenske plo\u0161\u010dice Aparici Vanguard Cube"},"content":{"rendered":"<p>Keramika v sivi barvi popestri vsak prostor. \u0160irina in dol\u017eina te plo\u0161\u010dice sta 20&#215;20 cm. Plo\u0161\u010dica je debela kar 8 mm, kar jo uvr\u0161\u010da med bolj trde plo\u0161\u010dice. Aparici Vanguard Cube je plo\u0161\u010dica proizvajalca Aparici in prihaja iz \u0160panije.<\/p>\n<p>Kliknite na ime kolekcije za ogled vseh plo\u0161\u010dic iz te serije: <a class=\"pdfcatal\" href=\"\/\/www.ceramictiles.com\/pdf\/aparici\/catalogue_aparici_vanguard.pdf\" onclick=\"recordOutboundLink(this, 'E-mail', 'Description PDF');return false;\">Aparici Vanguard<\/a><\/p>\n<p>\u010ce \u017eelite naro\u010diti model iz pdf kataloga te kolekcije, nam pi\u0161ite na: <a href=\"mailto:keramoteka.salon@gmail.com\" onclick=\"recordOutboundLink(this, 'E-mail', 'Description mail');return false;\">keramoteka.salon@gmail.com<\/a> ali pa nas pokli\u010dite na: +386 31 255 900.<\/p>\n<p>Moderna stenska keramika<\/p>\n","protected":false},"excerpt":{"rendered":"<p>Keramika v sivi barvi popestri vsak prostor. \u0160irina in dol\u017eina te plo\u0161\u010dice sta 20&#215;20 cm. Plo\u0161\u010dica je debela kar 8 mm, kar jo uvr\u0161\u010da med bolj trde plo\u0161\u010dice. Aparici Vanguard Cube je plo\u0161\u010dica proizvajalca Aparici in prihaja iz \u0160panije. Kliknite na ime kolekcije za ogled vseh plo\u0161\u010dic iz te serije: Aparici Vanguard \u010ce \u017eelite naro\u010diti [&hellip;]<\/p>\n","protected":false},"featured_media":106014,"template":"","meta":[],"product_cat":[99,999773,999],"product_tag":[],"_links":{"self":[{"href":"https:\/\/www.keramika.com\/slovenija\/wp-json\/wp\/v2\/product\/106013"}],"collection":[{"href":"https:\/\/www.keramika.com\/slovenija\/wp-json\/wp\/v2\/product"}],"about":[{"href":"https:\/\/www.keramika.com\/slovenija\/wp-json\/wp\/v2\/types\/product"}],"wp:featuredmedia":[{"embeddable":true,"href":"https:\/\/www.keramika.com\/slovenija\/wp-json\/wp\/v2\/media\/106014"}],"wp:attachment":[{"href":"https:\/\/www.keramika.com\/slovenija\/wp-json\/wp\/v2\/media?parent=106013"}],"wp:term":[{"taxonomy":"product_cat","embeddable":true,"href":"https:\/\/www.keramika.com\/slovenija\/wp-json\/wp\/v2\/product_cat?post=106013"},{"taxonomy":"product_tag","embeddable":true,"href":"https:\/\/www.keramika.com\/slovenija\/wp-json\/wp\/v2\/product_tag?post=106013"}],"curies":[{"name":"wp","href":"https:\/\/api.w.org\/{rel}","templated":true}]}}