{"id":106005,"date":"2017-03-23T01:15:42","date_gmt":"2017-03-23T01:15:42","guid":{"rendered":"http:\/\/keramika.holest.com\/slovenija\/product\/ploscice-aparici-steam-gres-greca\/"},"modified":"2017-03-23T01:15:42","modified_gmt":"2017-03-23T01:15:42","slug":"ploscice-aparici-steam-gres-greca","status":"publish","type":"product","link":"https:\/\/www.keramika.com\/slovenija\/ploscice-aparici-steam-gres-greca\/","title":{"rendered":"Plo\u0161\u010dice Aparici Steam Gres Greca"},"content":{"rendered":"<p>Aparici Steam Gres Greca je plo\u0161\u010dica proizvajalca Aparici in prihaja iz \u0160panije. Ta plo\u0161\u010dica je na voljo v \u010dudoviti rjavi barvi, \u010de \u017eelite kak\u0161no drugo barvo pa nas kontaktirajte in preverili bomo pri proizvajalcu. Debelina kar 10 mm dela to plo\u0161\u010dico zelo trpe\u017eno in presti\u017eno na otip. \u0160irina in dol\u017eina te plo\u0161\u010dice sta 49,1&#215;49,1 cm.<\/p>\n<p>Kliknite na ime kolekcije za ogled vseh plo\u0161\u010dic iz te serije: <a class=\"pdfcatal\" href=\"\/\/www.ceramictiles.com\/pdf\/aparici\/catalogue_aparici_steam_gres.pdf\" onclick=\"recordOutboundLink(this, 'E-mail', 'Description PDF');return false;\">Aparici Steam Gres<\/a><\/p>\n<p>\u010ce \u017eelite naro\u010diti model iz pdf kataloga te kolekcije, nam pi\u0161ite na: <a href=\"mailto:keramoteka.salon@gmail.com\" onclick=\"recordOutboundLink(this, 'E-mail', 'Description mail');return false;\">keramoteka.salon@gmail.com<\/a> ali pa nas pokli\u010dite na: +386 31 255 900.<\/p>\n<p>Sijajne plo\u0161\u010dice v imitaciji kamna<\/p>\n","protected":false},"excerpt":{"rendered":"<p>Aparici Steam Gres Greca je plo\u0161\u010dica proizvajalca Aparici in prihaja iz \u0160panije. Ta plo\u0161\u010dica je na voljo v \u010dudoviti rjavi barvi, \u010de \u017eelite kak\u0161no drugo barvo pa nas kontaktirajte in preverili bomo pri proizvajalcu. Debelina kar 10 mm dela to plo\u0161\u010dico zelo trpe\u017eno in presti\u017eno na otip. \u0160irina in dol\u017eina te plo\u0161\u010dice sta 49,1&#215;49,1 cm. [&hellip;]<\/p>\n","protected":false},"featured_media":106006,"template":"","meta":[],"product_cat":[99,999773,999],"product_tag":[],"_links":{"self":[{"href":"https:\/\/www.keramika.com\/slovenija\/wp-json\/wp\/v2\/product\/106005"}],"collection":[{"href":"https:\/\/www.keramika.com\/slovenija\/wp-json\/wp\/v2\/product"}],"about":[{"href":"https:\/\/www.keramika.com\/slovenija\/wp-json\/wp\/v2\/types\/product"}],"wp:featuredmedia":[{"embeddable":true,"href":"https:\/\/www.keramika.com\/slovenija\/wp-json\/wp\/v2\/media\/106006"}],"wp:attachment":[{"href":"https:\/\/www.keramika.com\/slovenija\/wp-json\/wp\/v2\/media?parent=106005"}],"wp:term":[{"taxonomy":"product_cat","embeddable":true,"href":"https:\/\/www.keramika.com\/slovenija\/wp-json\/wp\/v2\/product_cat?post=106005"},{"taxonomy":"product_tag","embeddable":true,"href":"https:\/\/www.keramika.com\/slovenija\/wp-json\/wp\/v2\/product_tag?post=106005"}],"curies":[{"name":"wp","href":"https:\/\/api.w.org\/{rel}","templated":true}]}}