{"id":105993,"date":"2017-03-23T01:15:12","date_gmt":"2017-03-23T01:15:12","guid":{"rendered":"http:\/\/keramika.holest.com\/slovenija\/product\/ploscice-imitacija-kamna-aparici-romance-grey\/"},"modified":"2017-03-23T01:15:12","modified_gmt":"2017-03-23T01:15:12","slug":"ploscice-imitacija-kamna-aparici-romance-grey","status":"publish","type":"product","link":"https:\/\/www.keramika.com\/slovenija\/ploscice-imitacija-kamna-aparici-romance-grey\/","title":{"rendered":"Plo\u0161\u010dice imitacija kamna Aparici Romance Grey"},"content":{"rendered":"<p>\u0160irina in dol\u017eina te plo\u0161\u010dice sta 59,2&#215;59,2 cm. Letos so plo\u0161\u010dice v sivi barvi zelo za\u017eeljene. 10 mm debeline je dovolj tudi za zahtevnej\u0161e kupce. To plo\u0161\u010dico je izdelal proizvajalec Aparici, ki prihaja iz \u0160panije.<\/p>\n<p>Kliknite na ime kolekcije za ogled vseh plo\u0161\u010dic iz te serije: <a class=\"pdfcatal\" href=\"\/\/www.ceramictiles.com\/pdf\/aparici\/catalogue_aparici_romance.pdf\" onclick=\"recordOutboundLink(this, 'E-mail', 'Description PDF');return false;\">Aparici Romance<\/a><\/p>\n<p>\u010ce \u017eelite naro\u010diti model iz pdf kataloga te kolekcije, nam pi\u0161ite na: <a href=\"mailto:keramoteka.salon@gmail.com\" onclick=\"recordOutboundLink(this, 'E-mail', 'Description mail');return false;\">keramoteka.salon@gmail.com<\/a> ali pa nas pokli\u010dite na: +386 31 255 900.<\/p>\n<p>Sijajne stenske plo\u0161\u010dice v imitaciji kamna<\/p>\n","protected":false},"excerpt":{"rendered":"<p>\u0160irina in dol\u017eina te plo\u0161\u010dice sta 59,2&#215;59,2 cm. Letos so plo\u0161\u010dice v sivi barvi zelo za\u017eeljene. 10 mm debeline je dovolj tudi za zahtevnej\u0161e kupce. To plo\u0161\u010dico je izdelal proizvajalec Aparici, ki prihaja iz \u0160panije. Kliknite na ime kolekcije za ogled vseh plo\u0161\u010dic iz te serije: Aparici Romance \u010ce \u017eelite naro\u010diti model iz pdf kataloga [&hellip;]<\/p>\n","protected":false},"featured_media":105994,"template":"","meta":[],"product_cat":[99,999773,999],"product_tag":[],"_links":{"self":[{"href":"https:\/\/www.keramika.com\/slovenija\/wp-json\/wp\/v2\/product\/105993"}],"collection":[{"href":"https:\/\/www.keramika.com\/slovenija\/wp-json\/wp\/v2\/product"}],"about":[{"href":"https:\/\/www.keramika.com\/slovenija\/wp-json\/wp\/v2\/types\/product"}],"wp:featuredmedia":[{"embeddable":true,"href":"https:\/\/www.keramika.com\/slovenija\/wp-json\/wp\/v2\/media\/105994"}],"wp:attachment":[{"href":"https:\/\/www.keramika.com\/slovenija\/wp-json\/wp\/v2\/media?parent=105993"}],"wp:term":[{"taxonomy":"product_cat","embeddable":true,"href":"https:\/\/www.keramika.com\/slovenija\/wp-json\/wp\/v2\/product_cat?post=105993"},{"taxonomy":"product_tag","embeddable":true,"href":"https:\/\/www.keramika.com\/slovenija\/wp-json\/wp\/v2\/product_tag?post=105993"}],"curies":[{"name":"wp","href":"https:\/\/api.w.org\/{rel}","templated":true}]}}