{"id":105991,"date":"2017-03-23T01:15:06","date_gmt":"2017-03-23T01:15:06","guid":{"rendered":"http:\/\/keramika.holest.com\/slovenija\/product\/talne-ploscice-aparici-roden-ivory\/"},"modified":"2017-03-23T01:15:06","modified_gmt":"2017-03-23T01:15:06","slug":"talne-ploscice-aparici-roden-ivory","status":"publish","type":"product","link":"https:\/\/www.keramika.com\/slovenija\/talne-ploscice-aparici-roden-ivory\/","title":{"rendered":"Talne plo\u0161\u010dice Aparici Roden Ivory"},"content":{"rendered":"<p>Letos so plo\u0161\u010dice v beli barvi zelo za\u017eeljene. Z velikostjo 50&#215;100 cm je ta plo\u0161\u010dica primerna ze razli\u010dne povr\u0161ine. Plo\u0161\u010dica je debela kar 10 mm, kar jo uvr\u0161\u010da med bolj trde plo\u0161\u010dice. Prihaja iz \u0160panije, ki po svetu slovi kot ena bolj\u0161ih proizvajalk kerami\u010dnih plo\u0161\u010dic.<\/p>\n<p>Kliknite na ime kolekcije za ogled vseh plo\u0161\u010dic iz te serije: <a class=\"pdfcatal\" href=\"\/\/www.ceramictiles.com\/pdf\/aparici\/catalogue_aparici_roden.pdf\" onclick=\"recordOutboundLink(this, 'E-mail', 'Description PDF');return false;\">Aparici Roden<\/a><\/p>\n<p>\u010ce \u017eelite naro\u010diti model iz pdf kataloga te kolekcije, nam pi\u0161ite na: <a href=\"mailto:keramoteka.salon@gmail.com\" onclick=\"recordOutboundLink(this, 'E-mail', 'Description mail');return false;\">keramoteka.salon@gmail.com<\/a> ali pa nas pokli\u010dite na: +386 31 255 900.<\/p>\n<p>Talne porcelan plo\u0161\u010dice<\/p>\n","protected":false},"excerpt":{"rendered":"<p>Letos so plo\u0161\u010dice v beli barvi zelo za\u017eeljene. Z velikostjo 50&#215;100 cm je ta plo\u0161\u010dica primerna ze razli\u010dne povr\u0161ine. Plo\u0161\u010dica je debela kar 10 mm, kar jo uvr\u0161\u010da med bolj trde plo\u0161\u010dice. Prihaja iz \u0160panije, ki po svetu slovi kot ena bolj\u0161ih proizvajalk kerami\u010dnih plo\u0161\u010dic. Kliknite na ime kolekcije za ogled vseh plo\u0161\u010dic iz te [&hellip;]<\/p>\n","protected":false},"featured_media":105992,"template":"","meta":[],"product_cat":[99,999773,999],"product_tag":[],"_links":{"self":[{"href":"https:\/\/www.keramika.com\/slovenija\/wp-json\/wp\/v2\/product\/105991"}],"collection":[{"href":"https:\/\/www.keramika.com\/slovenija\/wp-json\/wp\/v2\/product"}],"about":[{"href":"https:\/\/www.keramika.com\/slovenija\/wp-json\/wp\/v2\/types\/product"}],"wp:featuredmedia":[{"embeddable":true,"href":"https:\/\/www.keramika.com\/slovenija\/wp-json\/wp\/v2\/media\/105992"}],"wp:attachment":[{"href":"https:\/\/www.keramika.com\/slovenija\/wp-json\/wp\/v2\/media?parent=105991"}],"wp:term":[{"taxonomy":"product_cat","embeddable":true,"href":"https:\/\/www.keramika.com\/slovenija\/wp-json\/wp\/v2\/product_cat?post=105991"},{"taxonomy":"product_tag","embeddable":true,"href":"https:\/\/www.keramika.com\/slovenija\/wp-json\/wp\/v2\/product_tag?post=105991"}],"curies":[{"name":"wp","href":"https:\/\/api.w.org\/{rel}","templated":true}]}}