{"id":105987,"date":"2017-08-26T01:14:57","date_gmt":"2017-08-26T01:14:57","guid":{"rendered":"http:\/\/keramika.holest.com\/slovenija\/product\/ploscice-aparici-retro-ivory\/"},"modified":"2017-08-28T16:36:24","modified_gmt":"2017-08-28T16:36:24","slug":"ploscice-aparici-retro-ivory","status":"publish","type":"product","link":"https:\/\/www.keramika.com\/slovenija\/ploscice-aparici-retro-ivory\/","title":{"rendered":"Plo\u0161\u010dice Aparici Retro Ivory"},"content":{"rendered":"<p>Debelina plo\u0161\u010dice je zelo pomembna in 10 mm uvr\u0161\u010da to plo\u0161\u010dico med najkvalitetnej\u0161e. Z velikostjo 29,75&#215;29,75 cm je ta plo\u0161\u010dica primerna ze razli\u010dne povr\u0161ine. Keramika v beli barvi popestri vsak prostor. Aparici Retro Ivory je pripeljana iz \u0160panije in je zelo kvalitetna.<\/p>\n<p>Kliknite na ime kolekcije za ogled vseh plo\u0161\u010dic iz te serije: <a class=\"pdfcatal\" href=\"\/\/www.ceramictiles.com\/pdf\/aparici\/catalogue_aparici_retro.pdf\" onclick=\"recordOutboundLink(this, 'E-mail', 'Description PDF');return false;\">Aparici Retro<\/a><\/p>\n<p>\u010ce \u017eelite naro\u010diti model iz pdf kataloga te kolekcije, nam pi\u0161ite na: <a href=\"mailto:keramoteka.salon@gmail.com\" onclick=\"recordOutboundLink(this, 'E-mail', 'Description mail');return false;\">keramoteka.salon@gmail.com<\/a> ali pa nas pokli\u010dite na: +386 31 255 900.<\/p>\n<p>Retro talna keramika<\/p>\n<p>Naravni fini\u0161,<br \/>\nPorcelan<br \/>\nDvojno \u017egana keramika<br \/>\nRectified<br \/>\nFormat in debelina: 29,75&#215;29,75&#215;0,99<br \/>\nM\u00b2 \/ \u0161katla: 1,15<br \/>\nKg \/ \u0161katla: 25.176<br \/>\nDIN 51130 R10<br \/>\nUNE-ENV 12633 1.del<br \/>\nRetro Random Nat je na voljo v 16 razli\u010dnih vztrajnih vzorcih<\/p>\n","protected":false},"excerpt":{"rendered":"<p>Retro Random Nat je na voljo v 16 razli\u010dnih naklju\u010dno izbranih vzorcih<\/p>\n","protected":false},"featured_media":105988,"template":"","meta":[],"product_cat":[99,999773,200,230,260,999,290,240],"product_tag":[99921974,99921978],"_links":{"self":[{"href":"https:\/\/www.keramika.com\/slovenija\/wp-json\/wp\/v2\/product\/105987"}],"collection":[{"href":"https:\/\/www.keramika.com\/slovenija\/wp-json\/wp\/v2\/product"}],"about":[{"href":"https:\/\/www.keramika.com\/slovenija\/wp-json\/wp\/v2\/types\/product"}],"wp:featuredmedia":[{"embeddable":true,"href":"https:\/\/www.keramika.com\/slovenija\/wp-json\/wp\/v2\/media\/105988"}],"wp:attachment":[{"href":"https:\/\/www.keramika.com\/slovenija\/wp-json\/wp\/v2\/media?parent=105987"}],"wp:term":[{"taxonomy":"product_cat","embeddable":true,"href":"https:\/\/www.keramika.com\/slovenija\/wp-json\/wp\/v2\/product_cat?post=105987"},{"taxonomy":"product_tag","embeddable":true,"href":"https:\/\/www.keramika.com\/slovenija\/wp-json\/wp\/v2\/product_tag?post=105987"}],"curies":[{"name":"wp","href":"https:\/\/api.w.org\/{rel}","templated":true}]}}