{"id":105983,"date":"2017-03-23T01:14:46","date_gmt":"2017-03-23T01:14:46","guid":{"rendered":"http:\/\/keramika.holest.com\/slovenija\/product\/keramika-imitacija-kamna-aparici-reflex-ambar\/"},"modified":"2017-03-23T01:14:46","modified_gmt":"2017-03-23T01:14:46","slug":"keramika-imitacija-kamna-aparici-reflex-ambar","status":"publish","type":"product","link":"https:\/\/www.keramika.com\/slovenija\/keramika-imitacija-kamna-aparici-reflex-ambar\/","title":{"rendered":"Keramika imitacija kamna Aparici Reflex Ambar"},"content":{"rendered":"<p>Ta model plo\u0161\u010dice se najbolje prodaja v rjavi barvi. Dimenzije te plo\u0161\u010dice so 100&#215;100 cm. Debelina plo\u0161\u010dice je zelo pomembna in 12 mm uvr\u0161\u010da to plo\u0161\u010dico med najkvalitetnej\u0161e. Aparici Reflex Ambar prihaja iz \u0160panije, ki je znana po zelo kvalitetni keramiki v svetovnem merilu.<\/p>\n<p>Kliknite na ime kolekcije za ogled vseh plo\u0161\u010dic iz te serije: <a class=\"pdfcatal\" href=\"\/\/www.ceramictiles.com\/pdf\/aparici\/catalogue_aparici_reflex.pdf\" onclick=\"recordOutboundLink(this, 'E-mail', 'Description PDF');return false;\">Aparici Reflex<\/a><\/p>\n<p>\u010ce \u017eelite naro\u010diti model iz pdf kataloga te kolekcije, nam pi\u0161ite na: <a href=\"mailto:keramoteka.salon@gmail.com\" onclick=\"recordOutboundLink(this, 'E-mail', 'Description mail');return false;\">keramoteka.salon@gmail.com<\/a> ali pa nas pokli\u010dite na: +386 31 255 900.<\/p>\n<p>Talne plo\u0161\u010dice s kamnitim vzorcem<\/p>\n<p>Technical description: 89,46&#215;89,46<\/p>\n","protected":false},"excerpt":{"rendered":"<p>Ta model plo\u0161\u010dice se najbolje prodaja v rjavi barvi. Dimenzije te plo\u0161\u010dice so 100&#215;100 cm. Debelina plo\u0161\u010dice je zelo pomembna in 12 mm uvr\u0161\u010da to plo\u0161\u010dico med najkvalitetnej\u0161e. Aparici Reflex Ambar prihaja iz \u0160panije, ki je znana po zelo kvalitetni keramiki v svetovnem merilu. Kliknite na ime kolekcije za ogled vseh plo\u0161\u010dic iz te serije: [&hellip;]<\/p>\n","protected":false},"featured_media":105984,"template":"","meta":[],"product_cat":[99,999773,999],"product_tag":[],"_links":{"self":[{"href":"https:\/\/www.keramika.com\/slovenija\/wp-json\/wp\/v2\/product\/105983"}],"collection":[{"href":"https:\/\/www.keramika.com\/slovenija\/wp-json\/wp\/v2\/product"}],"about":[{"href":"https:\/\/www.keramika.com\/slovenija\/wp-json\/wp\/v2\/types\/product"}],"wp:featuredmedia":[{"embeddable":true,"href":"https:\/\/www.keramika.com\/slovenija\/wp-json\/wp\/v2\/media\/105984"}],"wp:attachment":[{"href":"https:\/\/www.keramika.com\/slovenija\/wp-json\/wp\/v2\/media?parent=105983"}],"wp:term":[{"taxonomy":"product_cat","embeddable":true,"href":"https:\/\/www.keramika.com\/slovenija\/wp-json\/wp\/v2\/product_cat?post=105983"},{"taxonomy":"product_tag","embeddable":true,"href":"https:\/\/www.keramika.com\/slovenija\/wp-json\/wp\/v2\/product_tag?post=105983"}],"curies":[{"name":"wp","href":"https:\/\/api.w.org\/{rel}","templated":true}]}}