{"id":105969,"date":"2017-03-23T01:14:12","date_gmt":"2017-03-23T01:14:12","guid":{"rendered":"http:\/\/keramika.holest.com\/slovenija\/product\/3d-ploscice-aparici-nordic-gold-shell\/"},"modified":"2017-03-31T09:56:34","modified_gmt":"2017-03-31T09:56:34","slug":"3d-ploscice-aparici-nordic-gold-shell","status":"publish","type":"product","link":"https:\/\/www.keramika.com\/slovenija\/3d-ploscice-aparici-nordic-gold-shell\/","title":{"rendered":"3D plo\u0161\u010dice Aparici Nordic Gold Shell"},"content":{"rendered":"<p>\u0160irina in dol\u017eina te plo\u0161\u010dice sta 29,75&#215;89,46 cm. Ta kerami\u010dna plo\u0161\u010dica v \u010dudoviti zlati barvi bo obogatila vsak prostor. To plo\u0161\u010dico je izdelal proizvajalec Aparici, ki prihaja iz \u0160panije. Ta plo\u0161\u010dica je debela 8 mm in je zelo trpe\u017ena.<\/p>\n<p>Kliknite na ime kolekcije za ogled vseh plo\u0161\u010dic iz te serije: <a class=\"pdfcatal\" href=\"\/\/www.ceramictiles.com\/pdf\/aparici\/catalogue_aparici_phuket.pdf\" onclick=\"recordOutboundLink(this, 'E-mail', 'Description PDF');return false;\">Aparici Phuket<\/a><\/p>\n<p>\u010ce \u017eelite naro\u010diti model iz pdf kataloga te kolekcije, nam pi\u0161ite na: <a href=\"mailto:keramoteka.salon@gmail.com\" onclick=\"recordOutboundLink(this, 'E-mail', 'Description mail');return false;\">keramoteka.salon@gmail.com<\/a> ali pa nas pokli\u010dite na: +386 31 255 900.<\/p>\n<p>Reliefna stenska keramika<\/p>\n","protected":false},"excerpt":{"rendered":"<p>\u0160irina in dol\u017eina te plo\u0161\u010dice sta 29,75&#215;89,46 cm. Ta kerami\u010dna plo\u0161\u010dica v \u010dudoviti zlati barvi bo obogatila vsak prostor. To plo\u0161\u010dico je izdelal proizvajalec Aparici, ki prihaja iz \u0160panije. Ta plo\u0161\u010dica je debela 8 mm in je zelo trpe\u017ena. Kliknite na ime kolekcije za ogled vseh plo\u0161\u010dic iz te serije: Aparici Phuket \u010ce \u017eelite naro\u010diti [&hellip;]<\/p>\n","protected":false},"featured_media":105970,"template":"","meta":[],"product_cat":[99,999773,999],"product_tag":[99921971],"_links":{"self":[{"href":"https:\/\/www.keramika.com\/slovenija\/wp-json\/wp\/v2\/product\/105969"}],"collection":[{"href":"https:\/\/www.keramika.com\/slovenija\/wp-json\/wp\/v2\/product"}],"about":[{"href":"https:\/\/www.keramika.com\/slovenija\/wp-json\/wp\/v2\/types\/product"}],"wp:featuredmedia":[{"embeddable":true,"href":"https:\/\/www.keramika.com\/slovenija\/wp-json\/wp\/v2\/media\/105970"}],"wp:attachment":[{"href":"https:\/\/www.keramika.com\/slovenija\/wp-json\/wp\/v2\/media?parent=105969"}],"wp:term":[{"taxonomy":"product_cat","embeddable":true,"href":"https:\/\/www.keramika.com\/slovenija\/wp-json\/wp\/v2\/product_cat?post=105969"},{"taxonomy":"product_tag","embeddable":true,"href":"https:\/\/www.keramika.com\/slovenija\/wp-json\/wp\/v2\/product_tag?post=105969"}],"curies":[{"name":"wp","href":"https:\/\/api.w.org\/{rel}","templated":true}]}}