{"id":105955,"date":"2017-03-23T01:13:33","date_gmt":"2017-03-23T01:13:33","guid":{"rendered":"http:\/\/keramika.holest.com\/slovenija\/product\/talne-ploscice-aparici-isen-beige\/"},"modified":"2017-03-23T01:13:33","modified_gmt":"2017-03-23T01:13:33","slug":"talne-ploscice-aparici-isen-beige","status":"publish","type":"product","link":"https:\/\/www.keramika.com\/slovenija\/talne-ploscice-aparici-isen-beige\/","title":{"rendered":"Talne plo\u0161\u010dice Aparici Isen beige"},"content":{"rendered":"<p>10 mm je debelina, ki zadovolji tudi zahtevnej\u0161e kupce. Ta plo\u0161\u010dica prihaja iz \u0160panije, ki je znana po kvalitetni keramiki. Zelo moderna plo\u0161\u010dica v be\u017e barvi popestri prav vsak prostor. Velikost te plo\u0161\u010dice je 100&#215;100 cm in je primerna za razli\u010dne povr\u0161ine.<\/p>\n<p>Kliknite na ime kolekcije za ogled vseh plo\u0161\u010dic iz te serije: <a class=\"pdfcatal\" href=\"\/\/www.ceramictiles.com\/pdf\/aparici\/catalogue_aparici_isen.pdf\" onclick=\"recordOutboundLink(this, 'E-mail', 'Description PDF');return false;\">Aparici Isen<\/a><\/p>\n<p>\u010ce \u017eelite naro\u010diti model iz pdf kataloga te kolekcije, nam pi\u0161ite na: <a href=\"mailto:keramoteka.salon@gmail.com\" onclick=\"recordOutboundLink(this, 'E-mail', 'Description mail');return false;\">keramoteka.salon@gmail.com<\/a> ali pa nas pokli\u010dite na: +386 31 255 900.<\/p>\n<p>Elegantna talna keramika<\/p>\n","protected":false},"excerpt":{"rendered":"<p>10 mm je debelina, ki zadovolji tudi zahtevnej\u0161e kupce. Ta plo\u0161\u010dica prihaja iz \u0160panije, ki je znana po kvalitetni keramiki. Zelo moderna plo\u0161\u010dica v be\u017e barvi popestri prav vsak prostor. Velikost te plo\u0161\u010dice je 100&#215;100 cm in je primerna za razli\u010dne povr\u0161ine. Kliknite na ime kolekcije za ogled vseh plo\u0161\u010dic iz te serije: Aparici Isen [&hellip;]<\/p>\n","protected":false},"featured_media":105956,"template":"","meta":[],"product_cat":[99,999773,999],"product_tag":[],"_links":{"self":[{"href":"https:\/\/www.keramika.com\/slovenija\/wp-json\/wp\/v2\/product\/105955"}],"collection":[{"href":"https:\/\/www.keramika.com\/slovenija\/wp-json\/wp\/v2\/product"}],"about":[{"href":"https:\/\/www.keramika.com\/slovenija\/wp-json\/wp\/v2\/types\/product"}],"wp:featuredmedia":[{"embeddable":true,"href":"https:\/\/www.keramika.com\/slovenija\/wp-json\/wp\/v2\/media\/105956"}],"wp:attachment":[{"href":"https:\/\/www.keramika.com\/slovenija\/wp-json\/wp\/v2\/media?parent=105955"}],"wp:term":[{"taxonomy":"product_cat","embeddable":true,"href":"https:\/\/www.keramika.com\/slovenija\/wp-json\/wp\/v2\/product_cat?post=105955"},{"taxonomy":"product_tag","embeddable":true,"href":"https:\/\/www.keramika.com\/slovenija\/wp-json\/wp\/v2\/product_tag?post=105955"}],"curies":[{"name":"wp","href":"https:\/\/api.w.org\/{rel}","templated":true}]}}