{"id":105921,"date":"2017-08-30T01:11:59","date_gmt":"2017-08-30T01:11:59","guid":{"rendered":"http:\/\/keramika.holest.com\/slovenija\/product\/porcelan-ploscice-aparici-build-ivory\/"},"modified":"2017-08-31T13:08:01","modified_gmt":"2017-08-31T13:08:01","slug":"porcelan-ploscice-aparici-build-ivory","status":"publish","type":"product","link":"https:\/\/www.keramika.com\/slovenija\/porcelan-ploscice-aparici-build-ivory\/","title":{"rendered":"Porcelan plo\u0161\u010dice Aparici Build Ivory"},"content":{"rendered":"<p>* To je izdelek, izdelan ro\u010dno.<br \/>\nZato so zna\u010dilnosti unikatne keramike &#8230;sence, teksture ali velikosti.<\/p>\n<p>Barva plo\u0161\u010dic<br \/>\nBuild Vison, Build Ivory in Build Grey<br \/>\npakiranje<br \/>\n89,46 x 89,46 cm &#8211; 5,22&#8243;x 35,22&#8243; 0,8 m\u00b2 \/ Box; 1 kos \/ \u0161katla; 21,91 kg \/ \u0161katla<br \/>\n44,63 x 89,46 cm &#8211; 17,57&#8243;x35,22&#8243; 1,198 m\u00b2 \/ Box; 3 kos \/ \u0161katla; 30.289 kg \/ \u0161katla<br \/>\n29,75 x 59,55 cm &#8211; 11,71&#8243;x23,45&#8243; 1.063 m\u00b2 \/ Box; 6 kos \/ \u0161katla; 24.427 kg \/ \u0161katla<\/p>\n<p>Keramika v beli barvi popestri vsak prostor. Dimenzije te plo\u0161\u010dice so 29,75&#215;59,55 cm. Plo\u0161\u010dica je debela kar 10 mm, kar jo uvr\u0161\u010da med bolj trde plo\u0161\u010dice. Aparici Build Ivory prihaja iz \u0160panije, ki je znana po zelo kvalitetni keramiki v svetovnem merilu.<\/p>\n<p>Kliknite na ime kolekcije za ogled vseh plo\u0161\u010dic iz te serije: <a class=\"pdfcatal\" href=\"\/\/www.ceramictiles.com\/pdf\/aparici\/catalogue_aparici_build.pdf\" onclick=\"recordOutboundLink(this, 'E-mail', 'Description PDF');return false;\">Aparici Build<\/a><\/p>\n<p>\u010ce \u017eelite naro\u010diti model iz pdf kataloga te kolekcije, nam pi\u0161ite na: <a href=\"mailto:keramoteka.salon@gmail.com\" onclick=\"recordOutboundLink(this, 'E-mail', 'Description mail');return false;\">keramoteka.salon@gmail.com<\/a> ali pa nas pokli\u010dite na: +386 31 255 900.<\/p>\n<p>Plo\u0161\u010dica v imitaciji betona<\/p>\n","protected":false},"excerpt":{"rendered":"<p>Talne plo\u0161\u010dice od 1.03 do 1.19 cm<\/p>\n","protected":false},"featured_media":105922,"template":"","meta":[],"product_cat":[99,999773,200,260,999,290,240],"product_tag":[99921974,99921978],"_links":{"self":[{"href":"https:\/\/www.keramika.com\/slovenija\/wp-json\/wp\/v2\/product\/105921"}],"collection":[{"href":"https:\/\/www.keramika.com\/slovenija\/wp-json\/wp\/v2\/product"}],"about":[{"href":"https:\/\/www.keramika.com\/slovenija\/wp-json\/wp\/v2\/types\/product"}],"wp:featuredmedia":[{"embeddable":true,"href":"https:\/\/www.keramika.com\/slovenija\/wp-json\/wp\/v2\/media\/105922"}],"wp:attachment":[{"href":"https:\/\/www.keramika.com\/slovenija\/wp-json\/wp\/v2\/media?parent=105921"}],"wp:term":[{"taxonomy":"product_cat","embeddable":true,"href":"https:\/\/www.keramika.com\/slovenija\/wp-json\/wp\/v2\/product_cat?post=105921"},{"taxonomy":"product_tag","embeddable":true,"href":"https:\/\/www.keramika.com\/slovenija\/wp-json\/wp\/v2\/product_tag?post=105921"}],"curies":[{"name":"wp","href":"https:\/\/api.w.org\/{rel}","templated":true}]}}