{"id":105917,"date":"2017-03-23T01:11:48","date_gmt":"2017-03-23T01:11:48","guid":{"rendered":"http:\/\/keramika.holest.com\/slovenija\/product\/ploscice-za-dnevno-sobo-aparici-bella-bianco\/"},"modified":"2017-03-23T01:11:48","modified_gmt":"2017-03-23T01:11:48","slug":"ploscice-za-dnevno-sobo-aparici-bella-bianco","status":"publish","type":"product","link":"https:\/\/www.keramika.com\/slovenija\/ploscice-za-dnevno-sobo-aparici-bella-bianco\/","title":{"rendered":"Plo\u0161\u010dice za dnevno sobo Aparici Bella Bianco"},"content":{"rendered":"<p>Plo\u0161\u010dica je debela kar 10 mm, kar jo uvr\u0161\u010da med bolj trde plo\u0161\u010dice. Prihaja iz \u0160panije, ki po svetu slovi kot ena bolj\u0161ih proizvajalk kerami\u010dnih plo\u0161\u010dic. Letos so plo\u0161\u010dice v beli barvi zelo za\u017eeljene. Z velikostjo 100&#215;100 cm je ta plo\u0161\u010dica primerna ze razli\u010dne povr\u0161ine.<\/p>\n<p>Kliknite na ime kolekcije za ogled vseh plo\u0161\u010dic iz te serije: <a class=\"pdfcatal\" href=\"\/\/www.ceramictiles.com\/pdf\/aparici\/catalogue_aparici_bella.pdf\" onclick=\"recordOutboundLink(this, 'E-mail', 'Description PDF');return false;\">Aparici Bella<\/a><\/p>\n<p>\u010ce \u017eelite naro\u010diti model iz pdf kataloga te kolekcije, nam pi\u0161ite na: <a href=\"mailto:keramoteka.salon@gmail.com\" onclick=\"recordOutboundLink(this, 'E-mail', 'Description mail');return false;\">keramoteka.salon@gmail.com<\/a> ali pa nas pokli\u010dite na: +386 31 255 900.<\/p>\n<p>Sijajna porcelan plo\u0161\u010dica<\/p>\n","protected":false},"excerpt":{"rendered":"<p>Plo\u0161\u010dica je debela kar 10 mm, kar jo uvr\u0161\u010da med bolj trde plo\u0161\u010dice. Prihaja iz \u0160panije, ki po svetu slovi kot ena bolj\u0161ih proizvajalk kerami\u010dnih plo\u0161\u010dic. Letos so plo\u0161\u010dice v beli barvi zelo za\u017eeljene. Z velikostjo 100&#215;100 cm je ta plo\u0161\u010dica primerna ze razli\u010dne povr\u0161ine. Kliknite na ime kolekcije za ogled vseh plo\u0161\u010dic iz te [&hellip;]<\/p>\n","protected":false},"featured_media":105918,"template":"","meta":[],"product_cat":[99,999773,999],"product_tag":[],"_links":{"self":[{"href":"https:\/\/www.keramika.com\/slovenija\/wp-json\/wp\/v2\/product\/105917"}],"collection":[{"href":"https:\/\/www.keramika.com\/slovenija\/wp-json\/wp\/v2\/product"}],"about":[{"href":"https:\/\/www.keramika.com\/slovenija\/wp-json\/wp\/v2\/types\/product"}],"wp:featuredmedia":[{"embeddable":true,"href":"https:\/\/www.keramika.com\/slovenija\/wp-json\/wp\/v2\/media\/105918"}],"wp:attachment":[{"href":"https:\/\/www.keramika.com\/slovenija\/wp-json\/wp\/v2\/media?parent=105917"}],"wp:term":[{"taxonomy":"product_cat","embeddable":true,"href":"https:\/\/www.keramika.com\/slovenija\/wp-json\/wp\/v2\/product_cat?post=105917"},{"taxonomy":"product_tag","embeddable":true,"href":"https:\/\/www.keramika.com\/slovenija\/wp-json\/wp\/v2\/product_tag?post=105917"}],"curies":[{"name":"wp","href":"https:\/\/api.w.org\/{rel}","templated":true}]}}