{"id":105911,"date":"2017-03-23T01:11:31","date_gmt":"2017-03-23T01:11:31","guid":{"rendered":"http:\/\/keramika.holest.com\/slovenija\/product\/ploscice-imitacija-lesa-aparici-amazon-ivory\/"},"modified":"2017-03-23T01:11:31","modified_gmt":"2017-03-23T01:11:31","slug":"ploscice-imitacija-lesa-aparici-amazon-ivory","status":"publish","type":"product","link":"https:\/\/www.keramika.com\/slovenija\/ploscice-imitacija-lesa-aparici-amazon-ivory\/","title":{"rendered":"Plo\u0161\u010dice imitacija lesa Aparici Amazon Ivory"},"content":{"rendered":"<p>Z 30&#215;120 cm je ta plo\u0161\u010dica primerna za razli\u010dne podlage. Prihaja iz \u0160panije, ki po svetu slovi kot ena bolj\u0161ih proizvajalk kerami\u010dnih plo\u0161\u010dic. Ta plo\u0161\u010dica je debela 12 mm in je zelo trpe\u017ena. Letos so plo\u0161\u010dice v rjavi barvi zelo za\u017eeljene.<\/p>\n<p>Kliknite na ime kolekcije za ogled vseh plo\u0161\u010dic iz te serije: <a class=\"pdfcatal\" href=\"\/\/www.ceramictiles.com\/pdf\/aparici\/catalogue_aparici_amazon.pdf\" onclick=\"recordOutboundLink(this, 'E-mail', 'Description PDF');return false;\">Aparici Amazon<\/a><\/p>\n<p>\u010ce \u017eelite naro\u010diti model iz pdf kataloga te kolekcije, nam pi\u0161ite na: <a href=\"mailto:keramoteka.salon@gmail.com\" onclick=\"recordOutboundLink(this, 'E-mail', 'Description mail');return false;\">keramoteka.salon@gmail.com<\/a> ali pa nas pokli\u010dite na: +386 31 255 900.<\/p>\n<p>Elegantna porcelan talna plo\u0161\u010dica<\/p>\n<p>Technical description: 29,67&#215;119,3<\/p>\n","protected":false},"excerpt":{"rendered":"<p>Z 30&#215;120 cm je ta plo\u0161\u010dica primerna za razli\u010dne podlage. Prihaja iz \u0160panije, ki po svetu slovi kot ena bolj\u0161ih proizvajalk kerami\u010dnih plo\u0161\u010dic. Ta plo\u0161\u010dica je debela 12 mm in je zelo trpe\u017ena. Letos so plo\u0161\u010dice v rjavi barvi zelo za\u017eeljene. Kliknite na ime kolekcije za ogled vseh plo\u0161\u010dic iz te serije: Aparici Amazon \u010ce [&hellip;]<\/p>\n","protected":false},"featured_media":105912,"template":"","meta":[],"product_cat":[99,999773,999],"product_tag":[],"_links":{"self":[{"href":"https:\/\/www.keramika.com\/slovenija\/wp-json\/wp\/v2\/product\/105911"}],"collection":[{"href":"https:\/\/www.keramika.com\/slovenija\/wp-json\/wp\/v2\/product"}],"about":[{"href":"https:\/\/www.keramika.com\/slovenija\/wp-json\/wp\/v2\/types\/product"}],"wp:featuredmedia":[{"embeddable":true,"href":"https:\/\/www.keramika.com\/slovenija\/wp-json\/wp\/v2\/media\/105912"}],"wp:attachment":[{"href":"https:\/\/www.keramika.com\/slovenija\/wp-json\/wp\/v2\/media?parent=105911"}],"wp:term":[{"taxonomy":"product_cat","embeddable":true,"href":"https:\/\/www.keramika.com\/slovenija\/wp-json\/wp\/v2\/product_cat?post=105911"},{"taxonomy":"product_tag","embeddable":true,"href":"https:\/\/www.keramika.com\/slovenija\/wp-json\/wp\/v2\/product_tag?post=105911"}],"curies":[{"name":"wp","href":"https:\/\/api.w.org\/{rel}","templated":true}]}}