{"id":105909,"date":"2017-03-23T01:11:23","date_gmt":"2017-03-23T01:11:23","guid":{"rendered":"http:\/\/keramika.holest.com\/slovenija\/product\/porcelan-ploscice-zirconio-sv-stone-cream\/"},"modified":"2026-01-04T00:02:25","modified_gmt":"2026-01-04T00:02:25","slug":"porcelan-ploscice-zirconio-sv-stone-cream","status":"publish","type":"product","link":"https:\/\/www.keramika.com\/slovenija\/porcelan-ploscice-zirconio-sv-stone-cream\/","title":{"rendered":"Porcelan plo\u0161\u010dice Zirconio Sv Stone Cream"},"content":{"rendered":"<p>To plo\u0161\u010dico je izdelal proizvajalec Zirconio, ki prihaja iz \u0160panije. 12 mm je debelina, ki zadovolji tudi zahtevnej\u0161e kupce. Z 60&#215;120 cm je ta plo\u0161\u010dica primerna za razli\u010dne podlage. 54,72 EUR v klasi\u010dni trgovini, pri nas pa le 43,78 EUR. Ta model plo\u0161\u010dice se najbolje prodaja v be\u017e barvi.<\/p>\n<p>Kliknite na ime kolekcije za ogled vseh plo\u0161\u010dic iz te serije: <a class=\"pdfcatal\" href=\"\/\/www.ceramictiles.com\/pdf\/zirconio\/catalogue_zirconio_sv_stone.pdf\" onclick=\"recordOutboundLink(this, 'E-mail', 'Description PDF');return false;\">Zirconio Sv Stone<\/a><\/p>\n<p>\u010ce \u017eelite naro\u010diti model iz pdf kataloga te kolekcije, nam pi\u0161ite na: <a href=\"mailto:keramoteka.salon@gmail.com\" onclick=\"recordOutboundLink(this, 'E-mail', 'Description mail');return false;\">keramoteka.salon@gmail.com<\/a> ali pa nas pokli\u010dite na: +386 31 255 900.<\/p>\n<p>Porcelan plo\u0161\u010dica v kamnitem vzorcu<\/p>\n","protected":false},"excerpt":{"rendered":"<p>To plo\u0161\u010dico je izdelal proizvajalec Zirconio, ki prihaja iz \u0160panije. 12 mm je debelina, ki zadovolji tudi zahtevnej\u0161e kupce. Z 60&#215;120 cm je ta plo\u0161\u010dica primerna za razli\u010dne podlage. 54,72 EUR v klasi\u010dni trgovini, pri nas pa le 43,78 EUR. Ta model plo\u0161\u010dice se najbolje prodaja v be\u017e barvi. Kliknite na ime kolekcije za ogled [&hellip;]<\/p>\n","protected":false},"featured_media":105910,"template":"","meta":[],"product_cat":[999,999137],"product_tag":[],"_links":{"self":[{"href":"https:\/\/www.keramika.com\/slovenija\/wp-json\/wp\/v2\/product\/105909"}],"collection":[{"href":"https:\/\/www.keramika.com\/slovenija\/wp-json\/wp\/v2\/product"}],"about":[{"href":"https:\/\/www.keramika.com\/slovenija\/wp-json\/wp\/v2\/types\/product"}],"wp:featuredmedia":[{"embeddable":true,"href":"https:\/\/www.keramika.com\/slovenija\/wp-json\/wp\/v2\/media\/105910"}],"wp:attachment":[{"href":"https:\/\/www.keramika.com\/slovenija\/wp-json\/wp\/v2\/media?parent=105909"}],"wp:term":[{"taxonomy":"product_cat","embeddable":true,"href":"https:\/\/www.keramika.com\/slovenija\/wp-json\/wp\/v2\/product_cat?post=105909"},{"taxonomy":"product_tag","embeddable":true,"href":"https:\/\/www.keramika.com\/slovenija\/wp-json\/wp\/v2\/product_tag?post=105909"}],"curies":[{"name":"wp","href":"https:\/\/api.w.org\/{rel}","templated":true}]}}