{"id":105905,"date":"2017-03-23T01:11:14","date_gmt":"2017-03-23T01:11:14","guid":{"rendered":"http:\/\/keramika.holest.com\/slovenija\/product\/talne-ploscice-zirconio-smooth-black\/"},"modified":"2026-01-04T00:02:24","modified_gmt":"2026-01-04T00:02:24","slug":"talne-ploscice-zirconio-smooth-black","status":"publish","type":"product","link":"https:\/\/www.keramika.com\/slovenija\/talne-ploscice-zirconio-smooth-black\/","title":{"rendered":"Talne plo\u0161\u010dice Zirconio Smooth Black"},"content":{"rendered":"<p>Na spletu boste za to plo\u0161\u010dico od\u0161teli le 43,78 EUR, medtem ko v redni prodaji cena zna\u0161a 54,72 EUR. Zirconio Smooth Black je pripeljana iz \u0160panije in je zelo kvalitetna. Ta plo\u0161\u010dica je debela 12 mm in je zelo trpe\u017ena. Z velikostjo 60&#215;120 cm je ta plo\u0161\u010dica primerna ze razli\u010dne povr\u0161ine. Letos so plo\u0161\u010dice v \u010drni barvi zelo za\u017eeljene.<\/p>\n<p>Kliknite na ime kolekcije za ogled vseh plo\u0161\u010dic iz te serije: <a class=\"pdfcatal\" href=\"\/\/www.ceramictiles.com\/pdf\/zirconio\/catalogue_zirconio_smooth.pdf\" onclick=\"recordOutboundLink(this, 'E-mail', 'Description PDF');return false;\">Zirconio Smooth<\/a><\/p>\n<p>\u010ce \u017eelite naro\u010diti model iz pdf kataloga te kolekcije, nam pi\u0161ite na: <a href=\"mailto:keramoteka.salon@gmail.com\" onclick=\"recordOutboundLink(this, 'E-mail', 'Description mail');return false;\">keramoteka.salon@gmail.com<\/a> ali pa nas pokli\u010dite na: +386 31 255 900.<\/p>\n<p>Enobarva mat porcelan plo\u0161\u010dica ve\u010djega formata<\/p>\n","protected":false},"excerpt":{"rendered":"<p>Na spletu boste za to plo\u0161\u010dico od\u0161teli le 43,78 EUR, medtem ko v redni prodaji cena zna\u0161a 54,72 EUR. Zirconio Smooth Black je pripeljana iz \u0160panije in je zelo kvalitetna. Ta plo\u0161\u010dica je debela 12 mm in je zelo trpe\u017ena. Z velikostjo 60&#215;120 cm je ta plo\u0161\u010dica primerna ze razli\u010dne povr\u0161ine. Letos so plo\u0161\u010dice v [&hellip;]<\/p>\n","protected":false},"featured_media":105906,"template":"","meta":[],"product_cat":[999,999137],"product_tag":[],"_links":{"self":[{"href":"https:\/\/www.keramika.com\/slovenija\/wp-json\/wp\/v2\/product\/105905"}],"collection":[{"href":"https:\/\/www.keramika.com\/slovenija\/wp-json\/wp\/v2\/product"}],"about":[{"href":"https:\/\/www.keramika.com\/slovenija\/wp-json\/wp\/v2\/types\/product"}],"wp:featuredmedia":[{"embeddable":true,"href":"https:\/\/www.keramika.com\/slovenija\/wp-json\/wp\/v2\/media\/105906"}],"wp:attachment":[{"href":"https:\/\/www.keramika.com\/slovenija\/wp-json\/wp\/v2\/media?parent=105905"}],"wp:term":[{"taxonomy":"product_cat","embeddable":true,"href":"https:\/\/www.keramika.com\/slovenija\/wp-json\/wp\/v2\/product_cat?post=105905"},{"taxonomy":"product_tag","embeddable":true,"href":"https:\/\/www.keramika.com\/slovenija\/wp-json\/wp\/v2\/product_tag?post=105905"}],"curies":[{"name":"wp","href":"https:\/\/api.w.org\/{rel}","templated":true}]}}