{"id":105899,"date":"2017-03-23T01:10:56","date_gmt":"2017-03-23T01:10:56","guid":{"rendered":"http:\/\/keramika.holest.com\/slovenija\/product\/keramika-imitacija-lesa-zirconio-kalahari-ebano\/"},"modified":"2026-01-04T00:02:24","modified_gmt":"2026-01-04T00:02:24","slug":"keramika-imitacija-lesa-zirconio-kalahari-ebano","status":"publish","type":"product","link":"https:\/\/www.keramika.com\/slovenija\/keramika-imitacija-lesa-zirconio-kalahari-ebano\/","title":{"rendered":"Keramika imitacija lesa Zirconio Kalahari Ebano"},"content":{"rendered":"<p>Namesto 63,8 EUR kot bi za to plo\u0161\u010dico od\u0161teli v klasi\u010dni trgovini, boste v na\u0161i spletni prodajalni od\u0161teli le 51,04 EUR. Z 20&#215;120 cm je ta plo\u0161\u010dica primerna za razli\u010dne podlage. Ta plo\u0161\u010dica prihaja iz \u0160panije, ki je znana po kvalitetni keramiki. 12 mm debeline je dovolj tudi za zahtevnej\u0161e kupce. Pri izbiri plo\u0161\u010dice v rjavi barvi ne morete zgre\u0161iti.<\/p>\n<p>Kliknite na ime kolekcije za ogled vseh plo\u0161\u010dic iz te serije: <a class=\"pdfcatal\" href=\"\/\/www.ceramictiles.com\/pdf\/zirconio\/catalogue_zirconio_kalahari.pdf\" onclick=\"recordOutboundLink(this, 'E-mail', 'Description PDF');return false;\">Zirconio Kalahari<\/a><\/p>\n<p>\u010ce \u017eelite naro\u010diti model iz pdf kataloga te kolekcije, nam pi\u0161ite na: <a href=\"mailto:keramoteka.salon@gmail.com\" onclick=\"recordOutboundLink(this, 'E-mail', 'Description mail');return false;\">keramoteka.salon@gmail.com<\/a> ali pa nas pokli\u010dite na: +386 31 255 900.<\/p>\n<p>Porcelan keramika formata 20 x 120 v imitaciji lesa<\/p>\n","protected":false},"excerpt":{"rendered":"<p>Namesto 63,8 EUR kot bi za to plo\u0161\u010dico od\u0161teli v klasi\u010dni trgovini, boste v na\u0161i spletni prodajalni od\u0161teli le 51,04 EUR. Z 20&#215;120 cm je ta plo\u0161\u010dica primerna za razli\u010dne podlage. Ta plo\u0161\u010dica prihaja iz \u0160panije, ki je znana po kvalitetni keramiki. 12 mm debeline je dovolj tudi za zahtevnej\u0161e kupce. Pri izbiri plo\u0161\u010dice v [&hellip;]<\/p>\n","protected":false},"featured_media":105900,"template":"","meta":[],"product_cat":[999,999137],"product_tag":[],"_links":{"self":[{"href":"https:\/\/www.keramika.com\/slovenija\/wp-json\/wp\/v2\/product\/105899"}],"collection":[{"href":"https:\/\/www.keramika.com\/slovenija\/wp-json\/wp\/v2\/product"}],"about":[{"href":"https:\/\/www.keramika.com\/slovenija\/wp-json\/wp\/v2\/types\/product"}],"wp:featuredmedia":[{"embeddable":true,"href":"https:\/\/www.keramika.com\/slovenija\/wp-json\/wp\/v2\/media\/105900"}],"wp:attachment":[{"href":"https:\/\/www.keramika.com\/slovenija\/wp-json\/wp\/v2\/media?parent=105899"}],"wp:term":[{"taxonomy":"product_cat","embeddable":true,"href":"https:\/\/www.keramika.com\/slovenija\/wp-json\/wp\/v2\/product_cat?post=105899"},{"taxonomy":"product_tag","embeddable":true,"href":"https:\/\/www.keramika.com\/slovenija\/wp-json\/wp\/v2\/product_tag?post=105899"}],"curies":[{"name":"wp","href":"https:\/\/api.w.org\/{rel}","templated":true}]}}