{"id":105897,"date":"2017-03-23T01:10:51","date_gmt":"2017-03-23T01:10:51","guid":{"rendered":"http:\/\/keramika.holest.com\/slovenija\/product\/stenske-ploscice-zirconio-arcadia\/"},"modified":"2026-01-04T00:02:23","modified_gmt":"2026-01-04T00:02:23","slug":"stenske-ploscice-zirconio-arcadia","status":"publish","type":"product","link":"https:\/\/www.keramika.com\/slovenija\/stenske-ploscice-zirconio-arcadia\/","title":{"rendered":"Stenske plo\u0161\u010dice Zirconio Arcadia"},"content":{"rendered":"<p>Pri izbiri plo\u0161\u010dice v zlati barvi ne morete zgre\u0161iti. Zirconio Arcadia je pripeljana iz \u0160panije in je zelo kvalitetna. Debelina plo\u0161\u010dice je zelo pomembna in 12 mm uvr\u0161\u010da to plo\u0161\u010dico med najkvalitetnej\u0161e. Zirconio Arcadia je na voljo po zelo ugodni ceni 252,64 EUR. Velikost te plo\u0161\u010dice je 60&#215;120 cm in je primerna za razli\u010dne povr\u0161ine.<\/p>\n<p>Kliknite na ime kolekcije za ogled vseh plo\u0161\u010dic iz te serije: <a class=\"pdfcatal\" href=\"\/\/www.ceramictiles.com\/pdf\/zirconio\/catalogue_zirconio_imperium.pdf\" onclick=\"recordOutboundLink(this, 'E-mail', 'Description PDF');return false;\">Zirconio Imperium<\/a><\/p>\n<p>\u010ce \u017eelite naro\u010diti model iz pdf kataloga te kolekcije, nam pi\u0161ite na: <a href=\"mailto:keramoteka.salon@gmail.com\" onclick=\"recordOutboundLink(this, 'E-mail', 'Description mail');return false;\">keramoteka.salon@gmail.com<\/a> ali pa nas pokli\u010dite na: +386 31 255 900.<\/p>\n<p>Luksuzna keramika s pripadajo\u010dim dekorjem v zlati barvi<\/p>\n","protected":false},"excerpt":{"rendered":"<p>Pri izbiri plo\u0161\u010dice v zlati barvi ne morete zgre\u0161iti. Zirconio Arcadia je pripeljana iz \u0160panije in je zelo kvalitetna. Debelina plo\u0161\u010dice je zelo pomembna in 12 mm uvr\u0161\u010da to plo\u0161\u010dico med najkvalitetnej\u0161e. Zirconio Arcadia je na voljo po zelo ugodni ceni 252,64 EUR. Velikost te plo\u0161\u010dice je 60&#215;120 cm in je primerna za razli\u010dne povr\u0161ine. [&hellip;]<\/p>\n","protected":false},"featured_media":105898,"template":"","meta":[],"product_cat":[999,999137],"product_tag":[],"_links":{"self":[{"href":"https:\/\/www.keramika.com\/slovenija\/wp-json\/wp\/v2\/product\/105897"}],"collection":[{"href":"https:\/\/www.keramika.com\/slovenija\/wp-json\/wp\/v2\/product"}],"about":[{"href":"https:\/\/www.keramika.com\/slovenija\/wp-json\/wp\/v2\/types\/product"}],"wp:featuredmedia":[{"embeddable":true,"href":"https:\/\/www.keramika.com\/slovenija\/wp-json\/wp\/v2\/media\/105898"}],"wp:attachment":[{"href":"https:\/\/www.keramika.com\/slovenija\/wp-json\/wp\/v2\/media?parent=105897"}],"wp:term":[{"taxonomy":"product_cat","embeddable":true,"href":"https:\/\/www.keramika.com\/slovenija\/wp-json\/wp\/v2\/product_cat?post=105897"},{"taxonomy":"product_tag","embeddable":true,"href":"https:\/\/www.keramika.com\/slovenija\/wp-json\/wp\/v2\/product_tag?post=105897"}],"curies":[{"name":"wp","href":"https:\/\/api.w.org\/{rel}","templated":true}]}}