{"id":105895,"date":"2017-03-23T01:10:45","date_gmt":"2017-03-23T01:10:45","guid":{"rendered":"http:\/\/keramika.holest.com\/slovenija\/product\/stenske-ploscice-zirconio-ethnic-black\/"},"modified":"2026-01-04T00:02:23","modified_gmt":"2026-01-04T00:02:23","slug":"stenske-ploscice-zirconio-ethnic-black","status":"publish","type":"product","link":"https:\/\/www.keramika.com\/slovenija\/stenske-ploscice-zirconio-ethnic-black\/","title":{"rendered":"Stenske plo\u0161\u010dice Zirconio Ethnic Black"},"content":{"rendered":"<p>Ta plo\u0161\u010dica je debela 9 mm in je zelo trpe\u017ena. Plo\u0161\u010dica na sliki je velika 30&#215;60 cm. Zirconio Ethnic Black prihaja iz \u0160panije, ki je znana po zelo kvalitetni keramiki v svetovnem merilu. Ta model plo\u0161\u010dice se najbolje prodaja v \u010drni barvi. V redni prodaji bi morali za to plo\u0161\u010dico od\u0161teti 35,45 EUR, spletna cena pa zna\u0161a le 28,36 EUR.<\/p>\n<p>Kliknite na ime kolekcije za ogled vseh plo\u0161\u010dic iz te serije: <a class=\"pdfcatal\" href=\"\/\/www.ceramictiles.com\/pdf\/zirconio\/catalogue_zirconio_idea.pdf\" onclick=\"recordOutboundLink(this, 'E-mail', 'Description PDF');return false;\">Zirconio Idea<\/a><\/p>\n<p>\u010ce \u017eelite naro\u010diti model iz pdf kataloga te kolekcije, nam pi\u0161ite na: <a href=\"mailto:keramoteka.salon@gmail.com\" onclick=\"recordOutboundLink(this, 'E-mail', 'Description mail');return false;\">keramoteka.salon@gmail.com<\/a> ali pa nas pokli\u010dite na: +386 31 255 900.<\/p>\n<p>Moderna stenska keramika z mo\u010dnim vzorcem<\/p>\n<p>Technical description: 25&#215;66,6<\/p>\n","protected":false},"excerpt":{"rendered":"<p>Ta plo\u0161\u010dica je debela 9 mm in je zelo trpe\u017ena. Plo\u0161\u010dica na sliki je velika 30&#215;60 cm. Zirconio Ethnic Black prihaja iz \u0160panije, ki je znana po zelo kvalitetni keramiki v svetovnem merilu. Ta model plo\u0161\u010dice se najbolje prodaja v \u010drni barvi. V redni prodaji bi morali za to plo\u0161\u010dico od\u0161teti 35,45 EUR, spletna cena [&hellip;]<\/p>\n","protected":false},"featured_media":105896,"template":"","meta":[],"product_cat":[999,999137],"product_tag":[],"_links":{"self":[{"href":"https:\/\/www.keramika.com\/slovenija\/wp-json\/wp\/v2\/product\/105895"}],"collection":[{"href":"https:\/\/www.keramika.com\/slovenija\/wp-json\/wp\/v2\/product"}],"about":[{"href":"https:\/\/www.keramika.com\/slovenija\/wp-json\/wp\/v2\/types\/product"}],"wp:featuredmedia":[{"embeddable":true,"href":"https:\/\/www.keramika.com\/slovenija\/wp-json\/wp\/v2\/media\/105896"}],"wp:attachment":[{"href":"https:\/\/www.keramika.com\/slovenija\/wp-json\/wp\/v2\/media?parent=105895"}],"wp:term":[{"taxonomy":"product_cat","embeddable":true,"href":"https:\/\/www.keramika.com\/slovenija\/wp-json\/wp\/v2\/product_cat?post=105895"},{"taxonomy":"product_tag","embeddable":true,"href":"https:\/\/www.keramika.com\/slovenija\/wp-json\/wp\/v2\/product_tag?post=105895"}],"curies":[{"name":"wp","href":"https:\/\/api.w.org\/{rel}","templated":true}]}}