{"id":105893,"date":"2017-03-23T01:10:40","date_gmt":"2017-03-23T01:10:40","guid":{"rendered":"http:\/\/keramika.holest.com\/slovenija\/product\/stenske-ploscice-zirconio-essential-white\/"},"modified":"2026-01-04T00:02:23","modified_gmt":"2026-01-04T00:02:23","slug":"stenske-ploscice-zirconio-essential-white","status":"publish","type":"product","link":"https:\/\/www.keramika.com\/slovenija\/stenske-ploscice-zirconio-essential-white\/","title":{"rendered":"Stenske plo\u0161\u010dice Zirconio Essential White"},"content":{"rendered":"<p>Z velikostjo 60&#215;120 cm je ta plo\u0161\u010dica primerna ze razli\u010dne povr\u0161ine. Ta model plo\u0161\u010dice se najbolje prodaja v beli barvi. Ta plo\u0161\u010dica je debela 12 mm in je zelo trpe\u017ena. Na spletu boste za to plo\u0161\u010dico od\u0161teli le 43,78 EUR, medtem ko v redni prodaji cena zna\u0161a 54,72 EUR. Zirconio Essential White je pripeljana iz \u0160panije in je zelo kvalitetna.<\/p>\n<p>Kliknite na ime kolekcije za ogled vseh plo\u0161\u010dic iz te serije: <a class=\"pdfcatal\" href=\"\/\/www.ceramictiles.com\/pdf\/zirconio\/catalogue_zirconio_essential.pdf\" onclick=\"recordOutboundLink(this, 'E-mail', 'Description PDF');return false;\">Zirconio Essential<\/a><\/p>\n<p>\u010ce \u017eelite naro\u010diti model iz pdf kataloga te kolekcije, nam pi\u0161ite na: <a href=\"mailto:keramoteka.salon@gmail.com\" onclick=\"recordOutboundLink(this, 'E-mail', 'Description mail');return false;\">keramoteka.salon@gmail.com<\/a> ali pa nas pokli\u010dite na: +386 31 255 900.<\/p>\n<p>Porcelan keramika velikih formatov 60 x 60 ter 60 x 120<\/p>\n","protected":false},"excerpt":{"rendered":"<p>Z velikostjo 60&#215;120 cm je ta plo\u0161\u010dica primerna ze razli\u010dne povr\u0161ine. Ta model plo\u0161\u010dice se najbolje prodaja v beli barvi. Ta plo\u0161\u010dica je debela 12 mm in je zelo trpe\u017ena. Na spletu boste za to plo\u0161\u010dico od\u0161teli le 43,78 EUR, medtem ko v redni prodaji cena zna\u0161a 54,72 EUR. Zirconio Essential White je pripeljana iz [&hellip;]<\/p>\n","protected":false},"featured_media":105894,"template":"","meta":[],"product_cat":[999,999137],"product_tag":[],"_links":{"self":[{"href":"https:\/\/www.keramika.com\/slovenija\/wp-json\/wp\/v2\/product\/105893"}],"collection":[{"href":"https:\/\/www.keramika.com\/slovenija\/wp-json\/wp\/v2\/product"}],"about":[{"href":"https:\/\/www.keramika.com\/slovenija\/wp-json\/wp\/v2\/types\/product"}],"wp:featuredmedia":[{"embeddable":true,"href":"https:\/\/www.keramika.com\/slovenija\/wp-json\/wp\/v2\/media\/105894"}],"wp:attachment":[{"href":"https:\/\/www.keramika.com\/slovenija\/wp-json\/wp\/v2\/media?parent=105893"}],"wp:term":[{"taxonomy":"product_cat","embeddable":true,"href":"https:\/\/www.keramika.com\/slovenija\/wp-json\/wp\/v2\/product_cat?post=105893"},{"taxonomy":"product_tag","embeddable":true,"href":"https:\/\/www.keramika.com\/slovenija\/wp-json\/wp\/v2\/product_tag?post=105893"}],"curies":[{"name":"wp","href":"https:\/\/api.w.org\/{rel}","templated":true}]}}