{"id":105887,"date":"2017-03-23T01:10:25","date_gmt":"2017-03-23T01:10:25","guid":{"rendered":"http:\/\/keramika.holest.com\/slovenija\/product\/stenske-ploscice-zirconio-delft-bleu\/"},"modified":"2026-01-04T00:02:22","modified_gmt":"2026-01-04T00:02:22","slug":"stenske-ploscice-zirconio-delft-bleu","status":"publish","type":"product","link":"https:\/\/www.keramika.com\/slovenija\/stenske-ploscice-zirconio-delft-bleu\/","title":{"rendered":"Stenske plo\u0161\u010dice Zirconio Delft Bleu"},"content":{"rendered":"<p>9 mm debeline je dovolj tudi za zahtevnej\u0161e kupce. Velikost te plo\u0161\u010dice je 30&#215;90 cm in je primerna za razli\u010dne povr\u0161ine. Zirconio Delft Bleu je plo\u0161\u010dica proizvajalca Zirconio in prihaja iz \u0160panije. Ta kerami\u010dna plo\u0161\u010dica v \u010dudoviti modri barvi bo obogatila vsak prostor. V redni prodaji bi morali za to plo\u0161\u010dico od\u0161teti 52,25 EUR, spletna cena pa zna\u0161a le 41,8 EUR.<\/p>\n<p>Kliknite na ime kolekcije za ogled vseh plo\u0161\u010dic iz te serije: <a class=\"pdfcatal\" href=\"\/\/www.ceramictiles.com\/pdf\/zirconio\/catalogue_zirconio_cotton.pdf\" onclick=\"recordOutboundLink(this, 'E-mail', 'Description PDF');return false;\">Zirconio Cotton<\/a><\/p>\n<p>\u010ce \u017eelite naro\u010diti model iz pdf kataloga te kolekcije, nam pi\u0161ite na: <a href=\"mailto:keramoteka.salon@gmail.com\" onclick=\"recordOutboundLink(this, 'E-mail', 'Description mail');return false;\">keramoteka.salon@gmail.com<\/a> ali pa nas pokli\u010dite na: +386 31 255 900.<\/p>\n<p>Stenka keramika s \u0161tevilnimi dekrativnimi elementi<\/p>\n<p>Technical description: 28,5&#215;88,5<\/p>\n","protected":false},"excerpt":{"rendered":"<p>9 mm debeline je dovolj tudi za zahtevnej\u0161e kupce. Velikost te plo\u0161\u010dice je 30&#215;90 cm in je primerna za razli\u010dne povr\u0161ine. Zirconio Delft Bleu je plo\u0161\u010dica proizvajalca Zirconio in prihaja iz \u0160panije. Ta kerami\u010dna plo\u0161\u010dica v \u010dudoviti modri barvi bo obogatila vsak prostor. V redni prodaji bi morali za to plo\u0161\u010dico od\u0161teti 52,25 EUR, spletna [&hellip;]<\/p>\n","protected":false},"featured_media":105888,"template":"","meta":[],"product_cat":[999,999137],"product_tag":[],"_links":{"self":[{"href":"https:\/\/www.keramika.com\/slovenija\/wp-json\/wp\/v2\/product\/105887"}],"collection":[{"href":"https:\/\/www.keramika.com\/slovenija\/wp-json\/wp\/v2\/product"}],"about":[{"href":"https:\/\/www.keramika.com\/slovenija\/wp-json\/wp\/v2\/types\/product"}],"wp:featuredmedia":[{"embeddable":true,"href":"https:\/\/www.keramika.com\/slovenija\/wp-json\/wp\/v2\/media\/105888"}],"wp:attachment":[{"href":"https:\/\/www.keramika.com\/slovenija\/wp-json\/wp\/v2\/media?parent=105887"}],"wp:term":[{"taxonomy":"product_cat","embeddable":true,"href":"https:\/\/www.keramika.com\/slovenija\/wp-json\/wp\/v2\/product_cat?post=105887"},{"taxonomy":"product_tag","embeddable":true,"href":"https:\/\/www.keramika.com\/slovenija\/wp-json\/wp\/v2\/product_tag?post=105887"}],"curies":[{"name":"wp","href":"https:\/\/api.w.org\/{rel}","templated":true}]}}