{"id":105881,"date":"2017-03-23T01:10:08","date_gmt":"2017-03-23T01:10:08","guid":{"rendered":"http:\/\/keramika.holest.com\/slovenija\/product\/keramika-za-hodnik-zirconio-ca-marmo-white\/"},"modified":"2026-01-04T00:02:22","modified_gmt":"2026-01-04T00:02:22","slug":"keramika-za-hodnik-zirconio-ca-marmo-white","status":"publish","type":"product","link":"https:\/\/www.keramika.com\/slovenija\/keramika-za-hodnik-zirconio-ca-marmo-white\/","title":{"rendered":"Keramika za hodnik Zirconio Ca Marmo White"},"content":{"rendered":"<p>Zirconio Ca Marmo White je na voljo po zelo ugodni ceni 43,78 EUR. Plo\u0161\u010dica je debela kar 12 mm, kar jo uvr\u0161\u010da med bolj trde plo\u0161\u010dice. Zirconio Ca Marmo White prihaja iz \u0160panije, ki je znana po zelo kvalitetni keramiki v svetovnem merilu. Ta model plo\u0161\u010dice se najbolje prodaja v beli barvi. Dimenzije te plo\u0161\u010dice so 60&#215;120 cm.<\/p>\n<p>Kliknite na ime kolekcije za ogled vseh plo\u0161\u010dic iz te serije: <a class=\"pdfcatal\" href=\"\/\/www.ceramictiles.com\/pdf\/zirconio\/catalogue_zirconio_ca_marmo.pdf\" onclick=\"recordOutboundLink(this, 'E-mail', 'Description PDF');return false;\">Zirconio Ca Marmo<\/a><\/p>\n<p>\u010ce \u017eelite naro\u010diti model iz pdf kataloga te kolekcije, nam pi\u0161ite na: <a href=\"mailto:keramoteka.salon@gmail.com\" onclick=\"recordOutboundLink(this, 'E-mail', 'Description mail');return false;\">keramoteka.salon@gmail.com<\/a> ali pa nas pokli\u010dite na: +386 31 255 900.<\/p>\n<p>Sijajna, talna keramika z vzorcem kamna<\/p>\n","protected":false},"excerpt":{"rendered":"<p>Zirconio Ca Marmo White je na voljo po zelo ugodni ceni 43,78 EUR. Plo\u0161\u010dica je debela kar 12 mm, kar jo uvr\u0161\u010da med bolj trde plo\u0161\u010dice. Zirconio Ca Marmo White prihaja iz \u0160panije, ki je znana po zelo kvalitetni keramiki v svetovnem merilu. Ta model plo\u0161\u010dice se najbolje prodaja v beli barvi. Dimenzije te plo\u0161\u010dice [&hellip;]<\/p>\n","protected":false},"featured_media":105882,"template":"","meta":[],"product_cat":[999,999137],"product_tag":[99921978],"_links":{"self":[{"href":"https:\/\/www.keramika.com\/slovenija\/wp-json\/wp\/v2\/product\/105881"}],"collection":[{"href":"https:\/\/www.keramika.com\/slovenija\/wp-json\/wp\/v2\/product"}],"about":[{"href":"https:\/\/www.keramika.com\/slovenija\/wp-json\/wp\/v2\/types\/product"}],"wp:featuredmedia":[{"embeddable":true,"href":"https:\/\/www.keramika.com\/slovenija\/wp-json\/wp\/v2\/media\/105882"}],"wp:attachment":[{"href":"https:\/\/www.keramika.com\/slovenija\/wp-json\/wp\/v2\/media?parent=105881"}],"wp:term":[{"taxonomy":"product_cat","embeddable":true,"href":"https:\/\/www.keramika.com\/slovenija\/wp-json\/wp\/v2\/product_cat?post=105881"},{"taxonomy":"product_tag","embeddable":true,"href":"https:\/\/www.keramika.com\/slovenija\/wp-json\/wp\/v2\/product_tag?post=105881"}],"curies":[{"name":"wp","href":"https:\/\/api.w.org\/{rel}","templated":true}]}}