{"id":105869,"date":"2017-08-23T01:09:34","date_gmt":"2017-08-23T01:09:34","guid":{"rendered":"http:\/\/keramika.holest.com\/slovenija\/product\/stekleni-mozaik-hd-public01_4\/"},"modified":"2026-01-04T00:02:20","modified_gmt":"2026-01-04T00:02:20","slug":"stekleni-mozaik-hd-public01_4","status":"publish","type":"product","link":"https:\/\/www.keramika.com\/slovenija\/stekleni-mozaik-hd-public01_4\/","title":{"rendered":"Stekleni mozaik hd public01_4"},"content":{"rendered":"<p>Ta mozaik je na voljo v \u010dudoviti beli prevladujo\u010di barvi, \u010de \u017eelite kak\u0161no drugo barvo pa nas kontaktirajte in preverili bomo pri proizvajalcu. Mozaik na sliki je pripet na mre\u017eo, kar olaj\u0161a njegovo polaganje. Mre\u017ea je velika 31,6&#215;31,6 cm. Debelina plo\u0161\u010dice je zelo pomembna in 5 mm uvr\u0161\u010da ta mozaik med najkvalitetnej\u0161e. Redna cena tega mozaika v maloprodaji zna\u0161a 625 EUR, v na\u0161i spletni trgovini pa ga lahko dobite \u017ee za 390 EUR. Glass mosaic hd public01_4 je pripeljana iz \u0160panije in je zelo kvalitetna.<\/p>\n<p>Unikatni mozaik!<br \/>Po\u0161ljite nam va\u0161o fotografijo. Originalni na\u010din izdelave steklenega mozaika nam omogo\u010da, da to fotografijo prenesemo in vtisnemo v steklo.<br \/>Lepota, ki traja!<\/p>\n<p>Technical description: High definition mosaic \u2013 For a project or for your bathroom, high definition mosaic is a great way to get ceramics exactly as you want it, completely unique! How does it work? You send us any picture by your desire and we impetrate it into glass mosaic.<\/p>\n","protected":false},"excerpt":{"rendered":"<p>Ta mozaik je na voljo v \u010dudoviti beli prevladujo\u010di barvi, \u010de \u017eelite kak\u0161no drugo barvo pa nas kontaktirajte in preverili bomo pri proizvajalcu. Mozaik na sliki je pripet na mre\u017eo, kar olaj\u0161a njegovo polaganje. Mre\u017ea je velika 31,6&#215;31,6 cm. Debelina plo\u0161\u010dice je zelo pomembna in 5 mm uvr\u0161\u010da ta mozaik med najkvalitetnej\u0161e. Redna cena tega [&hellip;]<\/p>\n","protected":false},"featured_media":105870,"template":"","meta":[],"product_cat":[999405,400,999,410,300],"product_tag":[99950092],"_links":{"self":[{"href":"https:\/\/www.keramika.com\/slovenija\/wp-json\/wp\/v2\/product\/105869"}],"collection":[{"href":"https:\/\/www.keramika.com\/slovenija\/wp-json\/wp\/v2\/product"}],"about":[{"href":"https:\/\/www.keramika.com\/slovenija\/wp-json\/wp\/v2\/types\/product"}],"wp:featuredmedia":[{"embeddable":true,"href":"https:\/\/www.keramika.com\/slovenija\/wp-json\/wp\/v2\/media\/105870"}],"wp:attachment":[{"href":"https:\/\/www.keramika.com\/slovenija\/wp-json\/wp\/v2\/media?parent=105869"}],"wp:term":[{"taxonomy":"product_cat","embeddable":true,"href":"https:\/\/www.keramika.com\/slovenija\/wp-json\/wp\/v2\/product_cat?post=105869"},{"taxonomy":"product_tag","embeddable":true,"href":"https:\/\/www.keramika.com\/slovenija\/wp-json\/wp\/v2\/product_tag?post=105869"}],"curies":[{"name":"wp","href":"https:\/\/api.w.org\/{rel}","templated":true}]}}