{"id":105851,"date":"2017-03-23T01:08:37","date_gmt":"2017-03-23T01:08:37","guid":{"rendered":"http:\/\/keramika.holest.com\/slovenija\/product\/stekleni-mozaik-hd-pools06_3\/"},"modified":"2026-01-04T00:02:18","modified_gmt":"2026-01-04T00:02:18","slug":"stekleni-mozaik-hd-pools06_3","status":"publish","type":"product","link":"https:\/\/www.keramika.com\/slovenija\/stekleni-mozaik-hd-pools06_3\/","title":{"rendered":"Stekleni mozaik hd pools06_3"},"content":{"rendered":"<p>Glass mosaic hd pools06_3 prihaja iz \u0160panije, ki je znana po zelo kvalitetni keramiki v svetovnem merilu. Mozaik na sliki je pripet na mre\u017eo, kar olaj\u0161a njegovo polaganje. Mre\u017ea je velika 31,6&#215;31,6 cm. Zaradi ni\u017ejih stro\u0161kov pri spletni prodaji boste na na\u0161i strani za ta mozaik od\u0161teli le 500 EUR. Mozaik je debel kar 5 mm, kar ga uvr\u0161\u010da med bolj trde mozaik plo\u0161\u010dice. Zelo moderen mozaik v dominanti beli barvi popestri prav vsak prostor.<\/p>\n<p>Unikatni mozaik!<br \/>Po\u0161ljite nam va\u0161o fotografijo. Originalni na\u010din izdelave steklenega mozaika nam omogo\u010da, da to fotografijo prenesemo in vtisnemo v steklo.<br \/>Lepota, ki traja!<\/p>\n<p>Technical description: High definition mosaic \u2013 For a project or for your bathroom, high definition mosaic is a great way to get ceramics exactly as you want it, completely unique! How does it work? You send us any picture by your desire and we impetrate it into glass mosaic.<\/p>\n","protected":false},"excerpt":{"rendered":"<p>Glass mosaic hd pools06_3 prihaja iz \u0160panije, ki je znana po zelo kvalitetni keramiki v svetovnem merilu. Mozaik na sliki je pripet na mre\u017eo, kar olaj\u0161a njegovo polaganje. Mre\u017ea je velika 31,6&#215;31,6 cm. Zaradi ni\u017ejih stro\u0161kov pri spletni prodaji boste na na\u0161i strani za ta mozaik od\u0161teli le 500 EUR. Mozaik je debel kar 5 [&hellip;]<\/p>\n","protected":false},"featured_media":105852,"template":"","meta":[],"product_cat":[999405,400,999,410,300],"product_tag":[],"_links":{"self":[{"href":"https:\/\/www.keramika.com\/slovenija\/wp-json\/wp\/v2\/product\/105851"}],"collection":[{"href":"https:\/\/www.keramika.com\/slovenija\/wp-json\/wp\/v2\/product"}],"about":[{"href":"https:\/\/www.keramika.com\/slovenija\/wp-json\/wp\/v2\/types\/product"}],"wp:featuredmedia":[{"embeddable":true,"href":"https:\/\/www.keramika.com\/slovenija\/wp-json\/wp\/v2\/media\/105852"}],"wp:attachment":[{"href":"https:\/\/www.keramika.com\/slovenija\/wp-json\/wp\/v2\/media?parent=105851"}],"wp:term":[{"taxonomy":"product_cat","embeddable":true,"href":"https:\/\/www.keramika.com\/slovenija\/wp-json\/wp\/v2\/product_cat?post=105851"},{"taxonomy":"product_tag","embeddable":true,"href":"https:\/\/www.keramika.com\/slovenija\/wp-json\/wp\/v2\/product_tag?post=105851"}],"curies":[{"name":"wp","href":"https:\/\/api.w.org\/{rel}","templated":true}]}}