{"id":105841,"date":"2017-03-23T01:08:05","date_gmt":"2017-03-23T01:08:05","guid":{"rendered":"http:\/\/keramika.holest.com\/slovenija\/product\/stekleni-mozaik-hd-pools05_1\/"},"modified":"2026-01-04T00:02:17","modified_gmt":"2026-01-04T00:02:17","slug":"stekleni-mozaik-hd-pools05_1","status":"publish","type":"product","link":"https:\/\/www.keramika.com\/slovenija\/stekleni-mozaik-hd-pools05_1\/","title":{"rendered":"Stekleni mozaik hd pools05_1"},"content":{"rendered":"<p>Ta mozaik je na voljo v \u010dudoviti beli prevladujo\u010di barvi, \u010de \u017eelite kak\u0161no drugo barvo pa nas kontaktirajte in preverili bomo pri proizvajalcu. 5 mm je debelina, ki zadovolji tudi zahtevnej\u0161e kupce. Mozaik dobite pripet na mre\u017eo, kar olaj\u0161a njegovo polaganje. Velikost mre\u017ee je 31,6&#215;31,6 cm in je primerna za razli\u010dne povr\u0161ine. Redna cena tega mozaika v maloprodaji zna\u0161a 625 EUR, v na\u0161i spletni trgovini pa ga lahko dobite \u017ee za 500 EUR. Glass mosaic hd pools05_1 je pripeljana iz \u0160panije in je zelo kvalitetna.<\/p>\n<p>Unikatni mozaik!<br \/>Po\u0161ljite nam va\u0161o fotografijo. Originalni na\u010din izdelave steklenega mozaika nam omogo\u010da, da to fotografijo prenesemo in vtisnemo v steklo.<br \/>Lepota, ki traja!<\/p>\n<p>Technical description: High definition mosaic \u2013 For a project or for your bathroom, high definition mosaic is a great way to get ceramics exactly as you want it, completely unique! How does it work? You send us any picture by your desire and we impetrate it into glass mosaic.<\/p>\n","protected":false},"excerpt":{"rendered":"<p>Ta mozaik je na voljo v \u010dudoviti beli prevladujo\u010di barvi, \u010de \u017eelite kak\u0161no drugo barvo pa nas kontaktirajte in preverili bomo pri proizvajalcu. 5 mm je debelina, ki zadovolji tudi zahtevnej\u0161e kupce. Mozaik dobite pripet na mre\u017eo, kar olaj\u0161a njegovo polaganje. Velikost mre\u017ee je 31,6&#215;31,6 cm in je primerna za razli\u010dne povr\u0161ine. Redna cena tega [&hellip;]<\/p>\n","protected":false},"featured_media":105842,"template":"","meta":[],"product_cat":[999405,400,999,410,300],"product_tag":[],"_links":{"self":[{"href":"https:\/\/www.keramika.com\/slovenija\/wp-json\/wp\/v2\/product\/105841"}],"collection":[{"href":"https:\/\/www.keramika.com\/slovenija\/wp-json\/wp\/v2\/product"}],"about":[{"href":"https:\/\/www.keramika.com\/slovenija\/wp-json\/wp\/v2\/types\/product"}],"wp:featuredmedia":[{"embeddable":true,"href":"https:\/\/www.keramika.com\/slovenija\/wp-json\/wp\/v2\/media\/105842"}],"wp:attachment":[{"href":"https:\/\/www.keramika.com\/slovenija\/wp-json\/wp\/v2\/media?parent=105841"}],"wp:term":[{"taxonomy":"product_cat","embeddable":true,"href":"https:\/\/www.keramika.com\/slovenija\/wp-json\/wp\/v2\/product_cat?post=105841"},{"taxonomy":"product_tag","embeddable":true,"href":"https:\/\/www.keramika.com\/slovenija\/wp-json\/wp\/v2\/product_tag?post=105841"}],"curies":[{"name":"wp","href":"https:\/\/api.w.org\/{rel}","templated":true}]}}