{"id":105823,"date":"2017-03-23T01:07:09","date_gmt":"2017-03-23T01:07:09","guid":{"rendered":"http:\/\/keramika.holest.com\/slovenija\/product\/stekleni-mozaik-hd-pools03_1\/"},"modified":"2026-01-04T00:02:16","modified_gmt":"2026-01-04T00:02:16","slug":"stekleni-mozaik-hd-pools03_1","status":"publish","type":"product","link":"https:\/\/www.keramika.com\/slovenija\/stekleni-mozaik-hd-pools03_1\/","title":{"rendered":"Stekleni mozaik hd pools03_1"},"content":{"rendered":"<p>V redni prodaji bi morali za ta mozaik od\u0161teti 625 EUR, spletna cena pa zna\u0161a le 500 EUR. Prihaja iz \u0160panije, ki po svetu slovi kot ena bolj\u0161ih proizvajalk kerami\u010dnih plo\u0161\u010dic. 5 mm je debelina, ki zadovolji tudi zahtevnej\u0161e kupce. Letos so mozaiki v beli barvi zelo za\u017eeljeni. Z 31,6&#215;31,6 cm je mre\u017ea na katero so pripete te mozaik plo\u0161\u010dice primerna za razli\u010dne podlage.<\/p>\n<p>Unikatni mozaik!<br \/>Po\u0161ljite nam va\u0161o fotografijo. Originalni na\u010din izdelave steklenega mozaika nam omogo\u010da, da to fotografijo prenesemo in vtisnemo v steklo.<br \/>Lepota, ki traja!<\/p>\n<p>Technical description: High definition mosaic \u2013 For a project or for your bathroom, high definition mosaic is a great way to get ceramics exactly as you want it, completely unique! How does it work? You send us any picture by your desire and we impetrate it into glass mosaic.<\/p>\n","protected":false},"excerpt":{"rendered":"<p>V redni prodaji bi morali za ta mozaik od\u0161teti 625 EUR, spletna cena pa zna\u0161a le 500 EUR. Prihaja iz \u0160panije, ki po svetu slovi kot ena bolj\u0161ih proizvajalk kerami\u010dnih plo\u0161\u010dic. 5 mm je debelina, ki zadovolji tudi zahtevnej\u0161e kupce. Letos so mozaiki v beli barvi zelo za\u017eeljeni. Z 31,6&#215;31,6 cm je mre\u017ea na katero [&hellip;]<\/p>\n","protected":false},"featured_media":105824,"template":"","meta":[],"product_cat":[999405,400,999,410,300],"product_tag":[],"_links":{"self":[{"href":"https:\/\/www.keramika.com\/slovenija\/wp-json\/wp\/v2\/product\/105823"}],"collection":[{"href":"https:\/\/www.keramika.com\/slovenija\/wp-json\/wp\/v2\/product"}],"about":[{"href":"https:\/\/www.keramika.com\/slovenija\/wp-json\/wp\/v2\/types\/product"}],"wp:featuredmedia":[{"embeddable":true,"href":"https:\/\/www.keramika.com\/slovenija\/wp-json\/wp\/v2\/media\/105824"}],"wp:attachment":[{"href":"https:\/\/www.keramika.com\/slovenija\/wp-json\/wp\/v2\/media?parent=105823"}],"wp:term":[{"taxonomy":"product_cat","embeddable":true,"href":"https:\/\/www.keramika.com\/slovenija\/wp-json\/wp\/v2\/product_cat?post=105823"},{"taxonomy":"product_tag","embeddable":true,"href":"https:\/\/www.keramika.com\/slovenija\/wp-json\/wp\/v2\/product_tag?post=105823"}],"curies":[{"name":"wp","href":"https:\/\/api.w.org\/{rel}","templated":true}]}}