{"id":105821,"date":"2017-03-23T01:07:03","date_gmt":"2017-03-23T01:07:03","guid":{"rendered":"http:\/\/keramika.holest.com\/slovenija\/product\/stekleni-mozaik-hd-pools02_6\/"},"modified":"2026-01-04T00:02:15","modified_gmt":"2026-01-04T00:02:15","slug":"stekleni-mozaik-hd-pools02_6","status":"publish","type":"product","link":"https:\/\/www.keramika.com\/slovenija\/stekleni-mozaik-hd-pools02_6\/","title":{"rendered":"Stekleni mozaik hd pools02_6"},"content":{"rendered":"<p>V redni prodaji bi morali za ta mozaik od\u0161teti 625 EUR, spletna cena pa zna\u0161a le 500 EUR. Glass mosaic hd pools02_6 je pripeljana iz \u0160panije in je zelo kvalitetna. Z velikostjo mre\u017ee 31,6&#215;31,6 cm na katero je pripet, je ta mozaik primeren ze razli\u010dne povr\u0161ine. Zelo moderen mozaik v dominanti beli barvi popestri prav vsak prostor. Debelina plo\u0161\u010dice je zelo pomembna in 5 mm uvr\u0161\u010da ta mozaik med najkvalitetnej\u0161e.<\/p>\n<p>Unikatni mozaik!<br \/>Po\u0161ljite nam va\u0161o fotografijo. Originalni na\u010din izdelave steklenega mozaika nam omogo\u010da, da to fotografijo prenesemo in vtisnemo v steklo.<br \/>Lepota, ki traja!<\/p>\n<p>Technical description: High definition mosaic \u2013 For a project or for your bathroom, high definition mosaic is a great way to get ceramics exactly as you want it, completely unique! How does it work? You send us any picture by your desire and we impetrate it into glass mosaic.<\/p>\n","protected":false},"excerpt":{"rendered":"<p>V redni prodaji bi morali za ta mozaik od\u0161teti 625 EUR, spletna cena pa zna\u0161a le 500 EUR. Glass mosaic hd pools02_6 je pripeljana iz \u0160panije in je zelo kvalitetna. Z velikostjo mre\u017ee 31,6&#215;31,6 cm na katero je pripet, je ta mozaik primeren ze razli\u010dne povr\u0161ine. Zelo moderen mozaik v dominanti beli barvi popestri prav [&hellip;]<\/p>\n","protected":false},"featured_media":105822,"template":"","meta":[],"product_cat":[999405,400,999,410,300],"product_tag":[],"_links":{"self":[{"href":"https:\/\/www.keramika.com\/slovenija\/wp-json\/wp\/v2\/product\/105821"}],"collection":[{"href":"https:\/\/www.keramika.com\/slovenija\/wp-json\/wp\/v2\/product"}],"about":[{"href":"https:\/\/www.keramika.com\/slovenija\/wp-json\/wp\/v2\/types\/product"}],"wp:featuredmedia":[{"embeddable":true,"href":"https:\/\/www.keramika.com\/slovenija\/wp-json\/wp\/v2\/media\/105822"}],"wp:attachment":[{"href":"https:\/\/www.keramika.com\/slovenija\/wp-json\/wp\/v2\/media?parent=105821"}],"wp:term":[{"taxonomy":"product_cat","embeddable":true,"href":"https:\/\/www.keramika.com\/slovenija\/wp-json\/wp\/v2\/product_cat?post=105821"},{"taxonomy":"product_tag","embeddable":true,"href":"https:\/\/www.keramika.com\/slovenija\/wp-json\/wp\/v2\/product_tag?post=105821"}],"curies":[{"name":"wp","href":"https:\/\/api.w.org\/{rel}","templated":true}]}}